{"id":1339,"date":"2017-02-07T13:05:15","date_gmt":"2017-02-07T15:05:15","guid":{"rendered":"https:\/\/gspholding.com.br\/site\/?page_id=1339"},"modified":"2017-07-11T16:37:56","modified_gmt":"2017-07-11T19:37:56","slug":"ceo-historia","status":"publish","type":"page","link":"https:\/\/gspholding.com.br\/site\/en\/ceo-historia\/","title":{"rendered":""},"content":{"rendered":"<div class=\"builder-container\"><div class=\"builder-section builder-full-width-element builder-full-width-element-1\" id=\"builder-section-1\"><div class=\"builder-section-viewport has-custom-bg has-image-bg builder-bg-scale builder-bg-scroll has-bg-overlay bg-overlay-style-gradient\" style=\"background-image:url(https:\/\/gspholding.com.br\/site\/wp-content\/uploads\/2017\/02\/fountain-pen-1854169_1920.jpg);\"><div class=\"builder-bg-overlay\" style=\"background:rgba(59,132,211,0.4);background:-webkit-linear-gradient(to left,rgba(59,132,211,0.4),rgba(221,188,137,1.0));background:linear-gradient(to left,rgba(59,132,211,0.4),rgba(221,188,137,1.0));\"><\/div><div class=\"builder-content-wrap\"><div class=\"builder-column-row builder-columns-2 spacing-2\" id=\"builder-column-row-1\"><div><div class=\"builder-column builder-column-span-1_2 builder-column-first\" id=\"builder-column-1\" data-column-size=\"1_2\"><div class=\"builder-icon-shortode icon-align-center\" id=\"builder-icon-1\"><div class=\"builder-icon entypo-back-in-time\" style=\"font-size:60px;width:105px;height:105px;line-height:90px;border-radius:105px;color:#5e5e5e;\"><\/div><\/div><div class=\"builder-text-block\" id=\"builder-text-block-1\"><div class=\"builder-tmce-content\"><h5 style=\"text-align: center;\"><em><strong>When 18 years old, CEO Carlos Cesar Arruda left his hometown Teodoro Sampaio, SP, to study Civil Engineering at the state capital. Soon he was employed as a technical assistant at Construtora Mendes Junior, responsible for building the subway station Barra Funda and Memorial Latin America. He was an intern at\u00a0 Encol S.A. Construction Company, and when he graduated he developed a construction project\u00a0 for Shopping Center Alphaville \/ Barueri-SP. He had the opportunity to work in the developing of semi-industrial construction, which were of unconventional pattern.<\/strong><\/em><\/h5>\n<\/div><\/div><div class=\"builder-icon-shortode icon-align-center\" id=\"builder-icon-2\"><div class=\"builder-icon entypo-flight\" style=\"font-size:40px;width:70px;height:70px;line-height:60px;border-radius:70px;color:#5e5e5e;\"><\/div><\/div><div class=\"builder-text-block\" id=\"builder-text-block-2\"><div class=\"builder-tmce-content\"><h5 style=\"text-align: center;\"><strong><em>Based on the experience gained in all these projects developed, new opportunities arose, taking him throughout Brazil and abroad, applying projects in challenging works.<\/em><\/strong><\/h5>\n<\/div><\/div><figure class=\"builder-image halign-image-left\" id=\"builder-image-1\"><img decoding=\"async\" src=\"https:\/\/gspholding.com.br\/site\/wp-content\/uploads\/2017\/02\/development-2010016_640-300x300.jpg\" alt=\"development-2010016_640\" data-entrance=\"builder-zoom-out\" data-entrance-delay=\"500\" \/><\/figure><div class=\"builder-testimonial-group builder-testimonial-group-masonry builder-grid-2 spacing-2 builder-masonry inverse\" id=\"builder-testimonial-group-1\" data-entrance-trigger=\"builder-fade-in\"><div class=\"builder-testimonial has-meta\" id=\"builder-testimonial-group-item-1\" data-entrance=\"chained\" data-entrance-delay=\"0\"><div class=\"builder-testimonial-wrap\"><div class=\"builder-testimonial-content\"><h6><em><strong><span style=\"color: #000000;\">&#8220;The mind that opens to a new idea never returns to its original size&#8221;.<\/span><\/strong><\/em><\/h6>\n<\/div><div class=\"builder-testimonial-meta\"><span class=\"builder-testimonial-author\">Albert Einstein<\/span><\/div><\/div><\/div><\/div><\/div><\/div><div><div class=\"builder-column builder-column-span-1_2 builder-column-last\" id=\"builder-column-2\" data-column-size=\"1_2\"><article class=\"builder-icon-box icon-location-adjacent icon-custom-color\" id=\"builder-icon-box-1\"><div class=\"builder-icon-box-icon-container\" style=\"background-color:#878787;color:#878787;\"><span class=\"builder-icon-box-icon builder-icon entypo-direction\"><\/span><\/div><div class=\"builder-icon-box-adjacent-container\"><h3 class=\"builder-icon-box-title\">NEW HORIZONS<\/h3><div class=\"builder-icon-box-content\"><div class=\"builder-tmce-content\"><\/div><\/div><\/div><\/article><div class=\"builder-timeline alignment-alternate is-animated\" id=\"builder-timeline-1\" data-entrance-trigger=\"animate-event\"><section class=\"builder-timeline-event\" id=\"builder-timeline-item-1\" data-entrance=\"chained\" data-entrance-delay=\"0\"><div class=\"builder-timeline-event-meta\"><div class=\"builder-timeline-event-meta-inside\"><h3 class=\"builder-timeline-event-year\">1996<\/h3><\/div><\/div><div class=\"builder-timeline-event-description\"><div class=\"builder-timeline-event-content builder-tmce-content\"><h6 style=\"text-align: center;\"><strong>In 1996, Mr. Carlos Cesar lost his father much sooner than expected, changing his life direction. The plans would be to work only with reports; however, there was a lot of demand for him to develop financial funding projects. Thus, he started to make evaluations of areas, farms, and properties to raise funds from the BNDES (National Bank for Development), Bank of Brazil (FICO), Banco da Amaz\u00f4nia, Sudan, and others. Consequently, he specialized in developing Economic Feasibility projects. This new approach led him to graduate studies, earning an MBA from Funda\u00e7\u00e3o Get\u00falio Vargas focused on Project Management.<\/strong><\/h6>\n<\/div><\/div><\/section><section class=\"builder-timeline-event\" id=\"builder-timeline-item-2\" data-entrance=\"chained\" data-entrance-delay=\"250\"><div class=\"builder-timeline-event-meta\"><div class=\"builder-timeline-event-meta-inside\"><h3 class=\"builder-timeline-event-year\">2001<\/h3><\/div><\/div><div class=\"builder-timeline-event-description\"><div class=\"builder-timeline-event-content builder-tmce-content\"><h6 style=\"text-align: center;\"><strong> <span class=\"fontstyle0\">He started working in the financial assets market in 2001, providing business consultancy and advisory services, and raising funds for investment in mining and construction projects. Thanks to his professional competence and leadership, today the company is a reference in the financial and corporate markets, contributing consistently to companies that wish to be in fast-growing and developing environment. With highly qualified professionals, Carlos Cesar counts on a support team of lawyers, economists, accountants, and engineers with extensive market knowledge.<\/span><\/strong><\/h6>\n<\/div><\/div><\/section><\/div><\/div><\/div><\/div><\/div><\/div><\/div><\/div>\n","protected":false},"excerpt":{"rendered":"When 18 years old, CEO Carlos Cesar Arruda left his hometown Teodoro Sampaio, SP, to study Civil Engineering at the state capital. Soon he was employed as a technical assistant at Construtora Mendes Junior, responsible for building the subway station Barra Funda and Memorial Latin America. He was an intern at\u00a0 Encol S.A. Construction Company, [...]","protected":false},"author":2,"featured_media":0,"parent":0,"menu_order":0,"comment_status":"closed","ping_status":"closed","template":"","meta":{"footnotes":""},"_links":{"self":[{"href":"https:\/\/gspholding.com.br\/site\/wp-json\/wp\/v2\/pages\/1339"}],"collection":[{"href":"https:\/\/gspholding.com.br\/site\/wp-json\/wp\/v2\/pages"}],"about":[{"href":"https:\/\/gspholding.com.br\/site\/wp-json\/wp\/v2\/types\/page"}],"author":[{"embeddable":true,"href":"https:\/\/gspholding.com.br\/site\/wp-json\/wp\/v2\/users\/2"}],"replies":[{"embeddable":true,"href":"https:\/\/gspholding.com.br\/site\/wp-json\/wp\/v2\/comments?post=1339"}],"version-history":[{"count":4,"href":"https:\/\/gspholding.com.br\/site\/wp-json\/wp\/v2\/pages\/1339\/revisions"}],"predecessor-version":[{"id":1343,"href":"https:\/\/gspholding.com.br\/site\/wp-json\/wp\/v2\/pages\/1339\/revisions\/1343"}],"wp:attachment":[{"href":"https:\/\/gspholding.com.br\/site\/wp-json\/wp\/v2\/media?parent=1339"}],"curies":[{"name":"wp","href":"https:\/\/api.w.org\/{rel}","templated":true}]}}