{"id":49,"date":"2016-09-29T13:11:10","date_gmt":"2016-09-29T16:11:10","guid":{"rendered":"https:\/\/gspholding.com.br\/site\/?page_id=49"},"modified":"2018-10-23T16:43:34","modified_gmt":"2018-10-23T19:43:34","slug":"fomento","status":"publish","type":"page","link":"https:\/\/gspholding.com.br\/site\/fomento\/","title":{"rendered":"Banco de Fomento Mercantil"},"content":{"rendered":"<div class=\"builder-container\"><div class=\"builder-full-width-slider builder-full-width-element builder-full-width-element-1\" id=\"builder-full-width-slider-1\" data-controls=\"none\"><ul class=\"builder-slider-slides\" style=\"height:70vh;\"><li class=\"builder-full-width-slider-slide builder-slider-slide has-custom-bg has-color-bg has-image-bg builder-parallax-viewport has-parallax-bg has-parallax-image-bg has-bg-overlay bg-overlay-style-gradient\" id=\"builder-full-width-slider-slide-1\" style=\"text-align:center;\"><div class=\"builder-parallax-bg builder-bg-scale\" style=\"background-color:#292c4d;background-image:url(https:\/\/gspholding.com.br\/site\/wp-content\/uploads\/2016\/09\/bg_banking-seguro.jpg);;\" data-parallax=\"translate\"><\/div><div class=\"builder-bg-overlay\" style=\"background:rgba(53,61,101,0.7);background:-webkit-linear-gradient(to bottom,rgba(53,61,101,0.7),rgba(27,37,61,0.9));background:linear-gradient(to bottom,rgba(53,61,101,0.7),rgba(27,37,61,0.9));\"><\/div><div class=\"builder-slide-caption builder-valign-middle\"><div class=\"builder-slide-caption-inner builder-valign-target\"><div class=\"builder-content-wrap\"><h2 class=\"builder-header builder-text-style-banner-title\" id=\"builder-header-1\" style=\"color:#ffffff;text-align:center;\">Banco de Fomento Mercantil<\/h2><h4 class=\"builder-header builder-text-style-small-uppercase-bold\" id=\"builder-header-2\" style=\"color:#ffffff;text-align:center;margin-bottom:10px;\">Recursos pr\u00f3prios, sem intermedia\u00e7\u00e3o financeira e sem taxas<\/h4><p class=\"builder-button-group\" id=\"builder-button-group-1\" style=\"text-align:center\"><a class=\"builder-button button size-normal style-muted has-icon icon-location-after\" id=\"builder-button-group-item-1\" href=\"https:\/\/gspholding.com.br\/site\/gspbanco-2\/\"><span class=\"builder-button-text\">GSP Banco<\/span><span class=\"builder-button-group-icon-spacer\"><\/span><span class=\"builder-button-icon builder-icon entypo-right-open\"><\/span><\/a><\/p><\/div><\/div><\/div><\/li><\/ul><\/div><div class=\"builder-section builder-full-width-element builder-full-width-element-2\" id=\"builder-section-1\"><div class=\"builder-section-viewport\"><div class=\"builder-content-wrap\"><div class=\"builder-column-row builder-columns-1_4-1_2-1_4 spacing-2\" id=\"builder-column-row-1\"><div><div class=\"builder-column builder-column-span-1_4 builder-column-first\" id=\"builder-column-1\" data-column-size=\"1_4\"><\/div><\/div><div><div class=\"builder-column builder-column-span-1_2\" id=\"builder-column-2\" data-column-size=\"1_2\"><div class=\"builder-text-block\" id=\"builder-text-block-1\"><div class=\"builder-tmce-content\"><p><strong>Fomento Mercantil se traduz em parceria comercial e presta\u00e7\u00e3o de servi\u00e7os<\/strong>, tendo como um dos principais objetivos o sucesso do seu neg\u00f3cio. O Fomento Mercantil visa estabilizar o fluxo de caixa, transformando suas vendas a prazo em vendas a vista, possibilitando sua empresa comprar \u00e0 vista e com isso obter um maior benef\u00edcio com seus fornecedores.<\/p>\n<p>A atividade de <strong>Fomento Mercantil \u00e9 diferente da atividade banc\u00e1ria<\/strong>, pois os bancos captam recursos no mercado (seus clientes e outros bancos) e os emprestam a terceiros, j\u00e1 no Fomento Mercantil, o recurso \u00e9 pr\u00f3prio, eliminando assim a intermedia\u00e7\u00e3o financeira. Uma das principais vantagens do Fomento Mercantil sobre os Bancos, al\u00e9m de pouca burocracia, \u00e9 que <u>n\u00e3o exigimos tarifas de manuten\u00e7\u00e3o de cr\u00e9dito, cart\u00f5es, seguros e outras<\/u> reciprocidades exigidas.<\/p>\n<\/div><\/div><\/div><\/div><div><div class=\"builder-column builder-column-span-1_4 builder-column-last\" id=\"builder-column-3\" data-column-size=\"1_4\"><\/div><\/div><\/div><div class=\"builder-row\" id=\"builder-row-1\" data-column-size=\"1\"><figure class=\"builder-image halign-image-none\" id=\"builder-image-1\"><img decoding=\"async\" src=\"https:\/\/gspholding.com.br\/site\/wp-content\/uploads\/2018\/10\/Ativo-14GSP.png\" alt=\"Ativo 14GSP\" \/><\/figure><\/div><\/div><\/div><\/div><\/div>\n","protected":false},"excerpt":{"rendered":"Banco de Fomento MercantilRecursos pr\u00f3prios, sem intermedia\u00e7\u00e3o financeira e sem taxasGSP BancoFomento Mercantil se traduz em parceria comercial e presta\u00e7\u00e3o de servi\u00e7os, tendo como um dos principais objetivos o sucesso do seu neg\u00f3cio. O Fomento Mercantil visa estabilizar o fluxo de caixa, transformando suas vendas a prazo em vendas a vista, possibilitando sua empresa comprar [...]","protected":false},"author":1,"featured_media":0,"parent":0,"menu_order":0,"comment_status":"closed","ping_status":"closed","template":"","meta":{"footnotes":""},"_links":{"self":[{"href":"https:\/\/gspholding.com.br\/site\/wp-json\/wp\/v2\/pages\/49"}],"collection":[{"href":"https:\/\/gspholding.com.br\/site\/wp-json\/wp\/v2\/pages"}],"about":[{"href":"https:\/\/gspholding.com.br\/site\/wp-json\/wp\/v2\/types\/page"}],"author":[{"embeddable":true,"href":"https:\/\/gspholding.com.br\/site\/wp-json\/wp\/v2\/users\/1"}],"replies":[{"embeddable":true,"href":"https:\/\/gspholding.com.br\/site\/wp-json\/wp\/v2\/comments?post=49"}],"version-history":[{"count":4,"href":"https:\/\/gspholding.com.br\/site\/wp-json\/wp\/v2\/pages\/49\/revisions"}],"predecessor-version":[{"id":710,"href":"https:\/\/gspholding.com.br\/site\/wp-json\/wp\/v2\/pages\/49\/revisions\/710"}],"wp:attachment":[{"href":"https:\/\/gspholding.com.br\/site\/wp-json\/wp\/v2\/media?parent=49"}],"curies":[{"name":"wp","href":"https:\/\/api.w.org\/{rel}","templated":true}]}}