{"id":5,"date":"2016-11-16T18:44:25","date_gmt":"2016-11-16T20:44:25","guid":{"rendered":"https:\/\/gspholding.com.br\/site\/?page_id=5"},"modified":"2025-08-21T23:23:19","modified_gmt":"2025-08-22T02:23:19","slug":"inicio-2","status":"publish","type":"page","link":"https:\/\/gspholding.com.br\/site\/","title":{"rendered":"In\u00edcio"},"content":{"rendered":"<div class=\"builder-container\"><div class=\"builder-full-width-revslider builder-full-width-element builder-full-width-element-1\" id=\"builder-full-width-revslider-1\">\n\t\t\t<!-- START video REVOLUTION SLIDER 6.4.11 --><p class=\"rs-p-wp-fix\"><\/p>\n\t\t\t<rs-module-wrap id=\"rev_slider_1_1_wrapper\" data-source=\"gallery\" style=\"background:transparent;padding:0;margin:0px auto;margin-top:0;margin-bottom:0;\">\n\t\t\t\t<rs-module id=\"rev_slider_1_1\" style=\"\" data-version=\"6.4.11\">\n\t\t\t\t\t<rs-slides>\n\t\t\t\t\t\t<rs-slide data-key=\"rs-1\" data-title=\"video\" data-anim=\"ms:4230;\" data-in=\"o:0;\" data-out=\"a:false;\">\n\t\t\t\t\t\t\t<img loading=\"lazy\" decoding=\"async\" src=\"\/\/gspholding.com.br\/site\/wp-content\/uploads\/revslider\/video-media\/Video2023a_1.jpeg\" title=\"Video2023a_1.jpeg\" width=\"1280\" height=\"720\" class=\"rev-slidebg tp-rs-img\" data-parallax=\"off\" data-no-retina>\n\t\t\t\t\t\t\t<rs-bgvideo \n\t\t\t\t\t\t\t\tdata-video=\"w:100%;h:100%;nse:false;l:true;ptimer:false;vfc:false;\"\n\t\t\t\t\t\t\t\tdata-mp4=\"\/\/gspholding.com.br\/site\/wp-content\/uploads\/2023\/07\/Video2023a.webm\"\n\t\t\t\t\t\t\t><\/rs-bgvideo>\n<!---->\t\t\t\t\t\t<\/rs-slide>\n\t\t\t\t\t<\/rs-slides>\n\t\t\t\t<\/rs-module>\n\t\t\t\t<script type=\"text\/javascript\">\n\t\t\t\t\tsetREVStartSize({c: 'rev_slider_1_1',rl:[1240,1024,1024,1024],el:[560,768,768,768],gw:[1280,1280,1280,1280],gh:[560,560,560,560],type:'standard',justify:'',layout:'fullwidth',mh:\"0\"});\n\t\t\t\t\tvar\trevapi1,\n\t\t\t\t\t\ttpj;\n\t\t\t\t\tfunction revinit_revslider11() {\n\t\t\t\t\tjQuery(function() {\n\t\t\t\t\t\ttpj = jQuery;\n\t\t\t\t\t\trevapi1 = tpj(\"#rev_slider_1_1\");\n\t\t\t\t\t\tif(revapi1==undefined || revapi1.revolution == undefined){\n\t\t\t\t\t\t\trevslider_showDoubleJqueryError(\"rev_slider_1_1\");\n\t\t\t\t\t\t}else{\n\t\t\t\t\t\t\trevapi1.revolution({\n\t\t\t\t\t\t\t\tDPR:\"dpr\",\n\t\t\t\t\t\t\t\tsliderLayout:\"fullwidth\",\n\t\t\t\t\t\t\t\tvisibilityLevels:\"1240,1024,1024,1024\",\n\t\t\t\t\t\t\t\tgridwidth:\"1280,1280,1280,1280\",\n\t\t\t\t\t\t\t\tgridheight:\"560,560,560,560\",\n\t\t\t\t\t\t\t\tperspective:600,\n\t\t\t\t\t\t\t\tperspectiveType:\"global\",\n\t\t\t\t\t\t\t\teditorheight:\"560,768,960,720\",\n\t\t\t\t\t\t\t\tresponsiveLevels:\"1240,1024,1024,1024\",\n\t\t\t\t\t\t\t\tprogressBar:{disableProgressBar:true},\n\t\t\t\t\t\t\t\tnavigation: {\n\t\t\t\t\t\t\t\t\tonHoverStop:false\n\t\t\t\t\t\t\t\t},\n\t\t\t\t\t\t\t\tparallax: {\n\t\t\t\t\t\t\t\t\tlevels:[5,10,15,20,25,30,35,40,45,46,47,48,49,50,51,30],\n\t\t\t\t\t\t\t\t\ttype:\"scroll\",\n\t\t\t\t\t\t\t\t\torigo:\"slidercenter\",\n\t\t\t\t\t\t\t\t\tspeed:0\n\t\t\t\t\t\t\t\t},\n\t\t\t\t\t\t\t\tfallbacks: {\n\t\t\t\t\t\t\t\t\tallowHTML5AutoPlayOnAndroid:true\n\t\t\t\t\t\t\t\t},\n\t\t\t\t\t\t\t});\n\t\t\t\t\t\t}\n\t\t\t\t\t\t\n\t\t\t\t\t});\n\t\t\t\t\t} \/\/ End of RevInitScript\n\t\t\t\tvar once_revslider11 = false;\n\t\t\t\tif (document.readyState === \"loading\") {document.addEventListener('readystatechange',function() { if((document.readyState === \"interactive\" || document.readyState === \"complete\") && !once_revslider11 ) { once_revslider11 = true; revinit_revslider11();}});} else {once_revslider11 = true; revinit_revslider11();}\n\t\t\t\t<\/script>\n\t\t\t<\/rs-module-wrap>\n\t\t\t<!-- END REVOLUTION SLIDER -->\n<\/div><div class=\"builder-section builder-full-width-element builder-full-width-element-2\" id=\"builder-section-1\"><div class=\"builder-section-viewport\"><div class=\"builder-content-wrap\"><div class=\"builder-row\" id=\"builder-row-1\" data-column-size=\"1\"><div class=\"builder-recent-posts builder-posts-grid builder-grid-3 spacing-2\" id=\"builder-recent-posts-1\"><\/div><\/div><\/div><\/div><\/div><div class=\"builder-section has-top-arrow builder-full-width-element builder-full-width-element-3\" id=\"builder-section-2\"><div class=\"builder-section-arrow builder-section-arrow-top\" style=\"border-bottom-color:#f9f9f9;\"><\/div><div class=\"builder-section-viewport\" style=\"padding-top:10px;padding-bottom:10px;\"><div class=\"builder-content-wrap\"><div class=\"builder-row\" id=\"builder-row-2\" data-column-size=\"1\"><div class=\"builder-row-content-wrap\"><div class=\"builder-row-content\" style=\"max-width:550px;margin:0 auto;\"><h2 class=\"builder-header builder-text-style-section-title\" id=\"builder-header-1\" style=\"text-align:center;\">No Brasil e no mundo<\/h2><h3 class=\"builder-header builder-text-style-section-tagline\" id=\"builder-header-2\" style=\"text-align:center;\">Nossas empresas est\u00e3o presentes em diversos segmentos da economia, oferecendo produtos e servi\u00e7os de alta qualidade e com gera\u00e7\u00e3o de valor<\/h3><div class=\"builder-html-block\" id=\"builder-html-block-1\"><div class=\"builder-html-content\"><script type=\"text\/javascript\">\r\n    (function () {\r\n        var options = {\r\n            whatsapp: \"+5562999483997\", \/\/ WhatsApp number\r\n            call_to_action: \"Envia-nos uma mensagem\", \/\/ Call to action\r\n            position: \"right\", \/\/ Position may be 'right' or 'left'\r\n        };\r\n        var proto = document.location.protocol, host = \"getbutton.io\", url = proto + \"\/\/static.\" + host;\r\n        var s = document.createElement('script'); s.type = 'text\/javascript'; s.async = true; s.src = url + '\/widget-send-button\/js\/init.js';\r\n        s.onload = function () { WhWidgetSendButton.init(host, proto, options); };\r\n        var x = document.getElementsByTagName('script')[0]; x.parentNode.insertBefore(s, x);\r\n    })();\r\n<\/script><\/div><\/div><\/div><\/div><\/div><div class=\"builder-row-spacer\" style=\"margin-bottom:10px\"><\/div><div class=\"builder-column-row builder-columns-4 spacing-2\" id=\"builder-column-row-1\"><div><div class=\"builder-column builder-column-span-1_4 builder-column-first\" id=\"builder-column-1\" data-column-size=\"1_4\"><article class=\"builder-icon-box icon-location-adjacent builder-superlink\" id=\"builder-icon-box-1\"><div class=\"builder-icon-box-icon-container\"><span class=\"builder-icon-box-icon builder-icon entypo-leaf\"><\/span><\/div><div class=\"builder-icon-box-adjacent-container\"><h3 class=\"builder-icon-box-title\">Agroneg\u00f3cio<\/h3><div class=\"builder-icon-box-content\"><div class=\"builder-tmce-content\"><p>Num futuro pr\u00f3ximo o Brasil ser\u00e1 o maior produtor de gr\u00e3os do mundo<\/p>\n<\/div><p class=\"builder-icon-box-link hide-if-js\"><a href=\"https:\/\/gspholding.com.br\/site\/agronegocio\/\">Agroneg\u00f3cio &#8594;<\/a><\/p><\/div><\/div><\/article><article class=\"builder-icon-box icon-location-adjacent builder-superlink\" id=\"builder-icon-box-2\"><div class=\"builder-icon-box-icon-container\"><span class=\"builder-icon-box-icon builder-icon entypo-feather\"><\/span><\/div><div class=\"builder-icon-box-adjacent-container\"><h3 class=\"builder-icon-box-title\">Meio Ambiente<\/h3><div class=\"builder-icon-box-content\"><div class=\"builder-tmce-content\"><p>Recupera\u00e7\u00e3o de \u00e1reas degradadas e medidas compensat\u00f3rias ambientais<\/p>\n<\/div><p class=\"builder-icon-box-link hide-if-js\"><a href=\"https:\/\/gspholding.com.br\/site\/reflorestamento\/\">Meio Ambiente &#8594;<\/a><\/p><\/div><\/div><\/article><\/div><\/div><div><div class=\"builder-column builder-column-span-1_4\" id=\"builder-column-2\" data-column-size=\"1_4\"><article class=\"builder-icon-box icon-location-adjacent builder-superlink\" id=\"builder-icon-box-3\"><div class=\"builder-icon-box-icon-container\"><span class=\"builder-icon-box-icon builder-icon entypo-suitcase\"><\/span><\/div><div class=\"builder-icon-box-adjacent-container\"><h3 class=\"builder-icon-box-title\">Banco de Ativos e Desenvolvimento Social<\/h3><div class=\"builder-icon-box-content\"><div class=\"builder-tmce-content\"><p>Recursos pr\u00f3prios sem intermedia\u00e7\u00e3o financeira e sem taxas<\/p>\n<\/div><p class=\"builder-icon-box-link hide-if-js\"><a href=\"https:\/\/gspholding.com.br\/site\/fomento\/\">Banco de Ativos e Desenvolvimento Social &#8594;<\/a><\/p><\/div><\/div><\/article><\/div><\/div><div><div class=\"builder-column builder-column-span-1_4\" id=\"builder-column-3\" data-column-size=\"1_4\"><article class=\"builder-icon-box icon-location-adjacent builder-superlink\" id=\"builder-icon-box-4\"><div class=\"builder-icon-box-icon-container\"><span class=\"builder-icon-box-icon builder-icon entypo-github\"><\/span><\/div><div class=\"builder-icon-box-adjacent-container\"><h3 class=\"builder-icon-box-title\">Pecu\u00e1ria<\/h3><div class=\"builder-icon-box-content\"><div class=\"builder-tmce-content\"><p>Grandes investimentos a servi\u00e7o da excel\u00eancia do rebanho brasileiro<\/p>\n<\/div><p class=\"builder-icon-box-link hide-if-js\"><a href=\"https:\/\/gspholding.com.br\/site\/pecuaria\/\">Pecu\u00e1ria &#8594;<\/a><\/p><\/div><\/div><\/article><\/div><\/div><div><div class=\"builder-column builder-column-span-1_4 builder-column-last\" id=\"builder-column-4\" data-column-size=\"1_4\"><article class=\"builder-icon-box icon-location-adjacent builder-superlink\" id=\"builder-icon-box-5\"><div class=\"builder-icon-box-icon-container\"><span class=\"builder-icon-box-icon builder-icon entypo-tools\"><\/span><\/div><div class=\"builder-icon-box-adjacent-container\"><h3 class=\"builder-icon-box-title\">Constru\u00e7\u00e3o Civil<\/h3><div class=\"builder-icon-box-content\"><div class=\"builder-tmce-content\"><p>Ajudando milhares de pessoas a construir projetos de vida<\/p>\n<\/div><p class=\"builder-icon-box-link hide-if-js\"><a href=\"https:\/\/gspholding.com.br\/site\/construcao-civil\/\">Constru\u00e7\u00e3o Civil &#8594;<\/a><\/p><\/div><\/div><\/article><article class=\"builder-icon-box icon-location-adjacent\" id=\"builder-icon-box-6\"><div class=\"builder-icon-box-icon-container\"><span class=\"builder-icon-box-icon builder-icon entypo-tools\"><\/span><\/div><div class=\"builder-icon-box-adjacent-container\"><h3 class=\"builder-icon-box-title\">Minera\u00e7\u00e3o<\/h3><div class=\"builder-icon-box-content\"><div class=\"builder-tmce-content\"><p>Explora\u00e7\u00e3o de min\u00e9rio com as melhores solu\u00e7\u00f5es para seus projetos<\/p>\n<\/div><\/div><\/div><\/article><\/div><\/div><\/div><\/div><\/div><\/div><div class=\"builder-section builder-full-width-element builder-full-width-element-4\" id=\"builder-section-3\"><div class=\"builder-section-viewport builder-valign-middle builder-parallax-viewport has-custom-bg has-color-bg has-image-bg builder-bg-scale builder-bg-fixed has-bg-overlay bg-overlay-style-color\" style=\"background-color:#003673;background-image:url(https:\/\/gspholding.com.br\/site\/wp-content\/uploads\/2016\/09\/world-map-gspholding.jpg);padding-top:80px;padding-bottom:80px;\"><div class=\"builder-bg-overlay\" style=\"opacity:0.6;background-color:#000000;\"><\/div><div class=\"builder-valign-target\"><div class=\"builder-content-wrap\" data-parallax=\"fade\"><div class=\"builder-column-row-valign-wrapper spacing-3\"><div class=\"builder-column-row builder-columns-2 spacing-3 valign-columns-middle\" id=\"builder-column-row-2\"><div><div class=\"builder-column builder-column-span-1_2 builder-column-first\" id=\"builder-column-5\" data-column-size=\"1_2\"><h2 class=\"builder-header builder-text-style-section-title\" id=\"builder-header-3\" style=\"color:#ffffff;text-align:center;\" data-entrance=\"builder-fade-in-up\">GSP Holding<\/h2><h3 class=\"builder-header builder-text-style-section-tagline\" id=\"builder-header-4\" style=\"color:#ffffff;text-align:center;\" data-entrance=\"builder-fade-in-up\" data-entrance-delay=\"250\">No Brasil e no mundo<\/h3><\/div><\/div><div><div class=\"builder-column builder-column-span-1_2 builder-column-last\" id=\"builder-column-6\" data-column-size=\"1_2\"><div class=\"builder-instructions inverse\" id=\"builder-instructions-1\" data-entrance-trigger=\"animate-step\"><div class=\"builder-instructions-step has-icon\" id=\"builder-instructions-item-1\" data-entrance=\"chained\" data-entrance-delay=\"0\"><div class=\"builder-step-symbol\"><span class=\"builder-step-icon builder-icon entypo-target\"><\/span><\/div><div class=\"builder-step-description\"><h3 class=\"builder-step-title\">Miss\u00e3o<\/h3><div class=\"builder-step-content builder-tmce-content\"><p>Garantir servi\u00e7os de alta qualidade, pautados pela \u00e9tica e responsabilidade, atendendo plenamente aos requisitos contratuais e assegurando a satisfa\u00e7\u00e3o e a confian\u00e7a dos clientes.<\/p>\n<\/div><\/div><\/div><div class=\"builder-instructions-step has-icon\" id=\"builder-instructions-item-2\" data-entrance=\"chained\" data-entrance-delay=\"250\"><div class=\"builder-step-symbol\"><span class=\"builder-step-icon builder-icon entypo-eye\"><\/span><\/div><div class=\"builder-step-description\"><h3 class=\"builder-step-title\">Vis\u00e3o<\/h3><div class=\"builder-step-content builder-tmce-content\"><p>Ser refer\u00eancia em gest\u00e3o financeira e capta\u00e7\u00e3o de recursos para pequenas e m\u00e9dias empresas, destacando-se como uma importante fomentadora do desenvolvimento empresarial e promotora do bem-estar social.<\/p>\n<\/div><\/div><\/div><div class=\"builder-instructions-step has-icon\" id=\"builder-instructions-item-3\" data-entrance=\"chained\" data-entrance-delay=\"500\"><div class=\"builder-step-symbol\"><span class=\"builder-step-icon builder-icon entypo-users\"><\/span><\/div><div class=\"builder-step-description\"><h3 class=\"builder-step-title\">Valores<\/h3><div class=\"builder-step-content builder-tmce-content\"><p>\u00bb <em><strong> <span class=\"fontstyle0\">Autonomia <\/span><\/strong><\/em><span class=\"fontstyle2\">&#8211; agir com responsabilidade em todas as atitudes.<\/span><br \/>\n\u00bb <em><strong> <span class=\"fontstyle0\">Credibilidade <\/span><\/strong><\/em><span class=\"fontstyle2\">&#8211; transmitir confian\u00e7a por meio de um atendimento transparente e eficiente.<\/span><br \/>\n\u00bb<em><strong> <span class=\"fontstyle0\">\u00c9tica <\/span><\/strong><\/em><span class=\"fontstyle2\">&#8211; conduzir nossas a\u00e7\u00f5es de forma clara, justa e \u00edntegra.<\/span><br \/>\n\u00bb<em><strong> <span class=\"fontstyle0\">Inova\u00e7\u00e3o <\/span><\/strong><\/em><span class=\"fontstyle2\">&#8211; desenvolver solu\u00e7\u00f5es criativas e vi\u00e1veis que impulsionem nossos resultados.<\/span><br \/>\n\u00bb <strong><em> <span class=\"fontstyle0\">Trabalho em equipe <\/span><\/em><\/strong><span class=\"fontstyle2\">&#8211; atuar de forma colaborativa, com comprometimento em rela\u00e7\u00e3o \u00e0 empresa, aos projetos e \u00e0s metas organizacionais.<br \/>\n<\/span><span class=\"fontstyle3\">\u00bb<\/span><strong><em><span class=\"fontstyle0\">Responsabilidade social <\/span><\/em><\/strong><span class=\"fontstyle2\">&#8211; contribuir ativamente para o desenvolvimento da sociedade e para a preserva\u00e7\u00e3o do\u00a0meio\u00a0ambiente.<\/span><\/p>\n<\/div><\/div><\/div><\/div><\/div><\/div><\/div><\/div><\/div><\/div><\/div><\/div><div class=\"builder-section builder-full-width-element builder-full-width-element-5\" id=\"builder-section-4\"><div class=\"builder-section-viewport builder-valign-top\" style=\"min-height:25vh;\"><div class=\"builder-valign-target\"><div class=\"builder-content-wrap\"><div class=\"builder-row\" id=\"builder-row-3\" data-column-size=\"1\"><h2 class=\"builder-header builder-text-style-section-title\" id=\"builder-header-5\" style=\"text-align:center;\" data-entrance=\"builder-fade-in-up\">Governan\u00e7a Corporativa<\/h2><\/div><div class=\"builder-column-row builder-columns-2 spacing-2\" id=\"builder-column-row-3\"><div><div class=\"builder-column builder-column-span-1_2 builder-column-first\" id=\"builder-column-7\" data-column-size=\"1_2\"><div class=\"builder-text-block\" id=\"builder-text-block-1\" data-entrance=\"builder-fade-in-up\"><div class=\"builder-tmce-content\"><p style=\"text-align: justify;\">A *GSP Holding tem como um de seus principais pilares a *participa\u00e7\u00e3o ativa e a influ\u00eancia estrat\u00e9gica* nas empresas controladas. Essa atua\u00e7\u00e3o se d\u00e1 por meio da presen\u00e7a em comit\u00eas de gest\u00e3o, bem como pela ado\u00e7\u00e3o de regras e pr\u00e1ticas que regulam o relacionamento entre acionistas, conselhos de administra\u00e7\u00e3o e diretorias executivas.<\/p>\n<p style=\"text-align: justify;\">Esse modelo de governan\u00e7a \u00e9 essencial para garantir o alinhamento de interesses entre todas as partes envolvidas, assegurando transpar\u00eancia, responsabilidade e a gera\u00e7\u00e3o de valor sustent\u00e1vel para os neg\u00f3cios.<\/p>\n<p style=\"text-align: justify;\">Ao atuar diretamente na gest\u00e3o das empresas controladas, a *GSP Holding* contribui para que os neg\u00f3cios se desenvolvam com maior efici\u00eancia, promovendo crescimento consistente, agrega\u00e7\u00e3o de valor e maior *sustentabilidade empresarial* no m\u00e9dio e longo prazo.<\/p>\n<\/div><\/div><\/div><\/div><div><div class=\"builder-column builder-column-span-1_2 builder-column-last\" id=\"builder-column-8\" data-column-size=\"1_2\"><div class=\"builder-text-block\" id=\"builder-text-block-2\" data-entrance=\"builder-fade-in-up\"><div class=\"builder-tmce-content\"><p style=\"text-align: justify;\">A estrutura de Governan\u00e7a Corporativa da GSP Holding \u00e9 pautada por *transpar\u00eancia, integra\u00e7\u00e3o, simplicidade e aprimoramento cont\u00ednuo*, sendo composta pelos seguintes \u00f3rg\u00e3os:<\/p>\n<p style=\"text-align: justify;\"><strong>Assembleia Geral de Acionistas<\/strong><br \/>\n<strong>Conselho de Administra\u00e7\u00e3o<\/strong><br \/>\n<strong>Comit\u00ea de Auditoria<\/strong><br \/>\n<strong>Conselho Fiscal<\/strong><br \/>\n<strong>Diretoria\u00a0Executiva<\/strong><\/p>\n<\/div><\/div><\/div><\/div><\/div><\/div><\/div><\/div><\/div><div class=\"builder-section builder-full-width-element builder-full-width-element-6\" id=\"builder-section-5\"><div class=\"builder-section-viewport has-custom-bg has-color-bg has-image-bg builder-bg-scale builder-bg-scroll has-bg-overlay bg-overlay-style-gradient\" style=\"background-color:#000000;background-image:url(https:\/\/gspholding.com.br\/site\/wp-content\/uploads\/2016\/09\/blurry_night_street_city.jpg);padding-top:100px;padding-bottom:100px;\"><div class=\"builder-bg-overlay\" style=\"background:rgba(51,51,51,0.7);background:-webkit-linear-gradient(to bottom,rgba(51,51,51,0.7),rgba(0,0,0,0.9));background:linear-gradient(to bottom,rgba(51,51,51,0.7),rgba(0,0,0,0.9));\"><\/div><div class=\"builder-content-wrap\"><div class=\"builder-row\" id=\"builder-row-4\" data-column-size=\"1\"><h2 class=\"builder-header builder-text-style-section-title\" id=\"builder-header-6\" style=\"color:#ffffff;text-align:center;\">Depoimentos<\/h2><h3 class=\"builder-header builder-text-style-section-tagline\" id=\"builder-header-7\" style=\"color:#ffffff;text-align:center;\">Produtos e servi\u00e7os de alta qualidade com gera\u00e7\u00e3o de valor<\/h3><div class=\"builder-spacer clearfix\" id=\"builder-spacer-1\" style=\"height:50px;\"><\/div><div class=\"builder-testimonial-group builder-testimonial-group-masonry builder-grid-3 spacing-2 builder-masonry inverse\" id=\"builder-testimonial-group-1\" data-entrance-trigger=\"builder-fade-in-up\"><div class=\"builder-testimonial has-meta\" id=\"builder-testimonial-group-item-1\" data-entrance=\"chained\" data-entrance-delay=\"0\"><div class=\"builder-testimonial-wrap\"><div class=\"builder-testimonial-content\"><p>Gera\u00e7\u00e3o de valor e sustentabilidade s\u00e3o alguns dos principais pilares que sustentam com excel\u00eancia as a\u00e7\u00f5es e projetos da GSP Holding. Parceria consolidada e duradoura com certeza!<\/p>\n<\/div><div class=\"builder-testimonial-meta\"><span class=\"builder-testimonial-author\">Joana Silva<\/span><span class=\"builder-testimonial-meta-separator\"><\/span><a class=\"builder-testimonial-employer\" href=\"#\">Goi\u00e2nia<\/a><\/div><\/div><\/div><div class=\"builder-testimonial has-meta\" id=\"builder-testimonial-group-item-2\" data-entrance=\"chained\" data-entrance-delay=\"250\"><div class=\"builder-testimonial-wrap\"><div class=\"builder-testimonial-content\"><p>Em todos os setores em que atuam, a GSP Holding tem foco no crescimento e desenvolvimento de todos.\u00a0\u00c9 percept\u00edvel a valoriza\u00e7\u00e3o da\u00a0vida e das pessoas em cada projeto conduzido por esse Grupo.\u00a0Temos imensa satisfa\u00e7\u00e3o em contribuir com esse ecossistema sustent\u00e1vel.<\/p>\n<\/div><div class=\"builder-testimonial-meta\"><span class=\"builder-testimonial-author\">Marcos F\u00e9lix<\/span><span class=\"builder-testimonial-meta-separator\"><\/span><a class=\"builder-testimonial-employer\" href=\"#\">S\u00e3o Paulo<\/a><\/div><\/div><\/div><div class=\"builder-testimonial has-meta\" id=\"builder-testimonial-group-item-3\" data-entrance=\"chained\" data-entrance-delay=\"500\"><div class=\"builder-testimonial-wrap\"><div class=\"builder-testimonial-content\"><p>Retorno garantido de investimentos. Servi\u00e7os de qualidade com alto valor agregado. A GSP Holding \u00e9 uma parceria indispens\u00e1vel em qualquer neg\u00f3cio, em qualquer lugar do planeta.<\/p>\n<\/div><div class=\"builder-testimonial-meta\"><span class=\"builder-testimonial-author\">Carlos Martinez<\/span><span class=\"builder-testimonial-meta-separator\"><\/span><a class=\"builder-testimonial-employer\" href=\"#\">Uruguai<\/a><\/div><\/div><\/div><\/div><\/div><div class=\"builder-column-row builder-columns-3 spacing-2\" id=\"builder-column-row-4\"><div><div class=\"builder-column builder-column-span-1_3 builder-column-first\" id=\"builder-column-9\" data-column-size=\"1_3\"><\/div><\/div><div><div class=\"builder-column builder-column-span-1_3\" id=\"builder-column-10\" data-column-size=\"1_3\"><div class=\"builder-spacer builder-spacer-default-size clearfix\" id=\"builder-spacer-2\" style=\"height:22px;\"><\/div><p class=\"builder-button-group\" id=\"builder-button-group-1\" style=\"text-align:center\" data-entrance=\"builder-fade-in\"><a class=\"builder-button button size-normal style-inverse has-icon icon-location-before\" id=\"builder-button-group-item-1\" href=\"https:\/\/gspholding.com.br\/site\/contato\/\"><span class=\"builder-button-icon builder-icon entypo-thumbs-up\"><\/span><span class=\"builder-button-group-icon-spacer\"><\/span><span class=\"builder-button-text\">Envie seu Depoimento<\/span><\/a><\/p><\/div><\/div><div><div class=\"builder-column builder-column-span-1_3 builder-column-last\" id=\"builder-column-11\" data-column-size=\"1_3\"><\/div><\/div><\/div><\/div><\/div><\/div><\/div>\n","protected":false},"excerpt":{"rendered":"No Brasil e no mundoNossas empresas est\u00e3o presentes em diversos segmentos da economia, oferecendo produtos e servi\u00e7os de alta qualidade e com gera\u00e7\u00e3o de valorAgroneg\u00f3cioNum futuro pr\u00f3ximo o Brasil ser\u00e1 o maior produtor de gr\u00e3os do mundo Agroneg\u00f3cio &#8594;Meio AmbienteRecupera\u00e7\u00e3o de \u00e1reas degradadas e medidas compensat\u00f3rias ambientais Meio Ambiente &#8594;Banco de Ativos e Desenvolvimento SocialRecursos [...]","protected":false},"author":1,"featured_media":0,"parent":0,"menu_order":0,"comment_status":"closed","ping_status":"closed","template":"","meta":{"footnotes":""},"_links":{"self":[{"href":"https:\/\/gspholding.com.br\/site\/wp-json\/wp\/v2\/pages\/5"}],"collection":[{"href":"https:\/\/gspholding.com.br\/site\/wp-json\/wp\/v2\/pages"}],"about":[{"href":"https:\/\/gspholding.com.br\/site\/wp-json\/wp\/v2\/types\/page"}],"author":[{"embeddable":true,"href":"https:\/\/gspholding.com.br\/site\/wp-json\/wp\/v2\/users\/1"}],"replies":[{"embeddable":true,"href":"https:\/\/gspholding.com.br\/site\/wp-json\/wp\/v2\/comments?post=5"}],"version-history":[{"count":84,"href":"https:\/\/gspholding.com.br\/site\/wp-json\/wp\/v2\/pages\/5\/revisions"}],"predecessor-version":[{"id":2442,"href":"https:\/\/gspholding.com.br\/site\/wp-json\/wp\/v2\/pages\/5\/revisions\/2442"}],"wp:attachment":[{"href":"https:\/\/gspholding.com.br\/site\/wp-json\/wp\/v2\/media?parent=5"}],"curies":[{"name":"wp","href":"https:\/\/api.w.org\/{rel}","templated":true}]}}