{"id":51,"date":"2016-09-29T13:11:58","date_gmt":"2016-09-29T16:11:58","guid":{"rendered":"https:\/\/gspholding.com.br\/site\/?page_id=51"},"modified":"2017-06-20T13:09:51","modified_gmt":"2017-06-20T16:09:51","slug":"construcao-civil","status":"publish","type":"page","link":"https:\/\/gspholding.com.br\/site\/construcao-civil\/","title":{"rendered":"Constru\u00e7\u00e3o Civil"},"content":{"rendered":"<div class=\"builder-container\"><div class=\"builder-full-width-slider builder-full-width-element builder-full-width-element-1\" id=\"builder-full-width-slider-1\" data-controls=\"none\"><ul class=\"builder-slider-slides\" style=\"height:70vh;\"><li class=\"builder-full-width-slider-slide builder-slider-slide has-custom-bg has-color-bg has-image-bg builder-parallax-viewport has-parallax-bg has-parallax-image-bg has-bg-overlay bg-overlay-style-color\" id=\"builder-full-width-slider-slide-1\" style=\"text-align:center;\"><div class=\"builder-parallax-bg builder-bg-scale\" style=\"background-color:#ffa500;background-image:url(https:\/\/gspholding.com.br\/site\/wp-content\/uploads\/2016\/09\/bg_construcao-civil.jpg);;\" data-parallax=\"translate\"><\/div><div class=\"builder-bg-overlay\" style=\"opacity:0.6;background-color:#0a0a0a;\"><\/div><div class=\"builder-slide-caption builder-valign-middle\"><div class=\"builder-slide-caption-inner builder-valign-target\"><div class=\"builder-content-wrap\"><h2 class=\"builder-header builder-text-style-banner-title\" id=\"builder-header-1\" style=\"color:#ffffff;text-align:center;\">Constru\u00e7\u00e3o Civil<\/h2><h4 class=\"builder-header builder-text-style-small-uppercase-bold\" id=\"builder-header-2\" style=\"color:#ffffff;text-align:center;margin-bottom:10px;\">Ajudando milhares de pessoas a construir projetos de vida<\/h4><p class=\"builder-button-group\" id=\"builder-button-group-1\" style=\"text-align:center\"><a class=\"builder-button button size-normal style-muted has-icon icon-location-after\" id=\"builder-button-group-item-1\" href=\"https:\/\/gspholding.com.br\/site\/gspconstrutora\/\"><span class=\"builder-button-text\">GSP Construtora<\/span><span class=\"builder-button-group-icon-spacer\"><\/span><span class=\"builder-button-icon builder-icon entypo-right-open\"><\/span><\/a><\/p><\/div><\/div><\/div><\/li><\/ul><\/div><div class=\"builder-section builder-full-width-element builder-full-width-element-2\" id=\"builder-section-1\"><div class=\"builder-section-viewport\"><div class=\"builder-content-wrap\"><div class=\"builder-column-row builder-columns-1_4-1_2-1_4 spacing-2\" id=\"builder-column-row-1\"><div><div class=\"builder-column builder-column-span-1_4 builder-column-first\" id=\"builder-column-1\" data-column-size=\"1_4\"><\/div><\/div><div><div class=\"builder-column builder-column-span-1_2\" id=\"builder-column-2\" data-column-size=\"1_2\"><div class=\"builder-text-block\" id=\"builder-text-block-1\"><div class=\"builder-tmce-content\"><p><strong>Mais do que construir empreendimentos residenciais e comerciais<\/strong>, ajudamos milhares de pessoas a construir projetos de vida, com responsabilidade social e ambiental e, principalmente, um rigoroso compromisso com a satisfa\u00e7\u00e3o plena do cliente.<\/p>\n<p>Por tr\u00e1s de tudo o que fazemos est\u00e3o os <strong>profissionais que trabalham no grupo e d\u00e3o o melhor de si<\/strong>.<\/p>\n<\/div><\/div><\/div><\/div><div><div class=\"builder-column builder-column-span-1_4 builder-column-last\" id=\"builder-column-3\" data-column-size=\"1_4\"><\/div><\/div><\/div><\/div><\/div><\/div><\/div>\n","protected":false},"excerpt":{"rendered":"Constru\u00e7\u00e3o CivilAjudando milhares de pessoas a construir projetos de vidaGSP ConstrutoraMais do que construir empreendimentos residenciais e comerciais, ajudamos milhares de pessoas a construir projetos de vida, com responsabilidade social e ambiental e, principalmente, um rigoroso compromisso com a satisfa\u00e7\u00e3o plena do cliente. Por tr\u00e1s de tudo o que fazemos est\u00e3o os profissionais que trabalham [...]","protected":false},"author":1,"featured_media":0,"parent":0,"menu_order":0,"comment_status":"closed","ping_status":"closed","template":"","meta":{"footnotes":""},"_links":{"self":[{"href":"https:\/\/gspholding.com.br\/site\/wp-json\/wp\/v2\/pages\/51"}],"collection":[{"href":"https:\/\/gspholding.com.br\/site\/wp-json\/wp\/v2\/pages"}],"about":[{"href":"https:\/\/gspholding.com.br\/site\/wp-json\/wp\/v2\/types\/page"}],"author":[{"embeddable":true,"href":"https:\/\/gspholding.com.br\/site\/wp-json\/wp\/v2\/users\/1"}],"replies":[{"embeddable":true,"href":"https:\/\/gspholding.com.br\/site\/wp-json\/wp\/v2\/comments?post=51"}],"version-history":[{"count":4,"href":"https:\/\/gspholding.com.br\/site\/wp-json\/wp\/v2\/pages\/51\/revisions"}],"predecessor-version":[{"id":1162,"href":"https:\/\/gspholding.com.br\/site\/wp-json\/wp\/v2\/pages\/51\/revisions\/1162"}],"wp:attachment":[{"href":"https:\/\/gspholding.com.br\/site\/wp-json\/wp\/v2\/media?parent=51"}],"curies":[{"name":"wp","href":"https:\/\/api.w.org\/{rel}","templated":true}]}}