{"id":557,"date":"2017-02-02T17:32:51","date_gmt":"2017-02-02T19:32:51","guid":{"rendered":"https:\/\/gspholding.com.br\/site\/?page_id=557"},"modified":"2017-12-01T16:33:04","modified_gmt":"2017-12-01T18:33:04","slug":"empresagspmineradora","status":"publish","type":"page","link":"https:\/\/gspholding.com.br\/site\/empresagspmineradora\/","title":{"rendered":"GSP Mineradora"},"content":{"rendered":"<div class=\"builder-container\"><div class=\"builder-full-width-slider builder-full-width-element builder-full-width-element-1\" id=\"builder-full-width-slider-1\" data-controls=\"none\"><ul class=\"builder-slider-slides\" style=\"height:50vh;\"><li class=\"builder-full-width-slider-slide builder-slider-slide has-custom-bg has-color-bg has-image-bg builder-parallax-viewport has-parallax-bg has-parallax-image-bg has-bg-overlay bg-overlay-style-gradient\" id=\"builder-full-width-slider-slide-1\" style=\"text-align:center;\"><div class=\"builder-parallax-bg builder-bg-scale\" style=\"background-color:#292c4d;background-image:url(https:\/\/gspholding.com.br\/site\/wp-content\/uploads\/2017\/02\/pit-984037.jpg);;\" data-parallax=\"translate\"><\/div><div class=\"builder-bg-overlay\" style=\"background:rgba(53,61,101,0.7);background:-webkit-linear-gradient(to bottom,rgba(53,61,101,0.7),rgba(27,37,61,0.7));background:linear-gradient(to bottom,rgba(53,61,101,0.7),rgba(27,37,61,0.7));\"><\/div><div class=\"builder-slide-caption builder-valign-middle\"><div class=\"builder-slide-caption-inner builder-valign-target\"><div class=\"builder-content-wrap\"><h2 class=\"builder-header builder-text-style-banner-title\" id=\"builder-header-1\" style=\"color:#ffffff;text-align:center;\">GSP MINERADORA<\/h2><\/div><\/div><\/div><\/li><\/ul><\/div><div class=\"builder-section builder-full-width-element builder-full-width-element-2\" id=\"builder-section-1\"><div class=\"builder-section-viewport\"><div class=\"builder-content-wrap\"><div class=\"builder-row\" id=\"builder-row-1\" data-column-size=\"1\"><div class=\"builder-text-block\" id=\"builder-text-block-1\"><div class=\"builder-tmce-content\"><h2 style=\"text-align: center;\"><strong>Uma das mais completas provedoras de servi\u00e7o<\/strong><\/h2>\n<\/div><\/div><\/div><\/div><\/div><\/div><div class=\"builder-section builder-full-width-element builder-full-width-element-3\" id=\"builder-section-2\"><div class=\"builder-section-viewport has-custom-bg has-image-bg builder-bg-scale builder-bg-scroll has-bg-overlay bg-overlay-style-gradient\" style=\"background-image:url(https:\/\/gspholding.com.br\/site\/wp-content\/uploads\/2016\/09\/fotolia_3569315_XS-1.jpg);\"><div class=\"builder-bg-overlay\" style=\"background:rgba(255,255,255,0.6);background:-webkit-linear-gradient(to bottom,rgba(255,255,255,0.6),rgba(186,186,186,0.6));background:linear-gradient(to bottom,rgba(255,255,255,0.6),rgba(186,186,186,0.6));\"><\/div><div class=\"builder-content-wrap\"><div class=\"builder-column-row builder-columns-3 spacing-2\" id=\"builder-column-row-1\"><div><div class=\"builder-column builder-column-span-1_3 builder-column-first\" id=\"builder-column-1\" data-column-size=\"1_3\"><div class=\"builder-spacer clearfix\" id=\"builder-spacer-1\" style=\"height:100PX;\"><\/div><h2 class=\"builder-header builder-text-style-small-uppercase-bold\" id=\"builder-header-2\" style=\"color:#0b2678;text-align:center;font-size:15px;\" data-entrance=\"builder-fade-in-down\" data-entrance-delay=\"500\">Especializada na extra\u00e7\u00e3o de ouro no Estado de Goi\u00e1s.<\/h2><\/div><\/div><div><div class=\"builder-column builder-column-span-1_3\" id=\"builder-column-2\" data-column-size=\"1_3\"><figure class=\"builder-image halign-image-center\" id=\"builder-image-1\"><img decoding=\"async\" src=\"https:\/\/gspholding.com.br\/site\/wp-content\/uploads\/2016\/09\/PEPITA-1-300x225.png\" alt=\"PEPITA\" data-entrance=\"builder-flip-in-x\" data-entrance-delay=\"500\" \/><\/figure><\/div><\/div><div><div class=\"builder-column builder-column-span-1_3 builder-column-last\" id=\"builder-column-3\" data-column-size=\"1_3\"><div class=\"builder-icon-shortode icon-align-right\" id=\"builder-icon-1\"><div class=\"builder-icon entypo-clipboard\" style=\"font-size:40px;width:70px;height:70px;line-height:60px;border-radius:70px;color:#002bad;\"><\/div><\/div><div class=\"builder-text-block\" id=\"builder-text-block-2\"><div class=\"builder-tmce-content\"><h4><span style=\"text-decoration: underline; color: #0b2678;\"><strong> <span class=\"fontstyle0\">Possui 5 requerimentos para a extra\u00e7\u00e3o de ouro nas regi\u00f5es de:<\/span><\/strong><\/span><\/h4>\n<h6><span style=\"color: #0b2678;\"><strong><em><span class=\"fontstyle0\">\u00bbSanta Terezinha;<br \/>\n<\/span><\/em><\/strong><\/span><\/h6>\n<h6><span style=\"color: #0b2678;\"><strong><em><span class=\"fontstyle0\">\u00bbCampos Verdes;<br \/>\n<\/span><\/em><\/strong><\/span><\/h6>\n<h6><span style=\"color: #0b2678;\"><strong><em><span class=\"fontstyle0\">\u00bbAlto Horizonte.<\/span><\/em><\/strong><\/span><\/h6>\n<\/div><\/div><\/div><\/div><\/div><\/div><\/div><\/div><div class=\"builder-section builder-full-width-element builder-full-width-element-4\" id=\"builder-section-3\"><div class=\"builder-section-viewport\"><div class=\"builder-content-wrap\"><div class=\"builder-column-row builder-columns-2 spacing-2\" id=\"builder-column-row-2\"><div><div class=\"builder-column builder-column-span-1_2 builder-column-first\" id=\"builder-column-4\" data-column-size=\"1_2\"><h1 class=\"builder-header\" id=\"builder-header-3\" style=\"text-align:center;\">\u00c1REA DE EXPLORA\u00c7\u00c3O DE ESMERALDAS<\/h1><figure class=\"builder-image halign-image-center\" id=\"builder-image-2\"><img decoding=\"async\" src=\"https:\/\/gspholding.com.br\/site\/wp-content\/uploads\/2017\/02\/WhatsApp-Image-2017-11-26-at-18.29.12-225x300.jpeg\" alt=\"WhatsApp Image 2017-11-26 at 18.29.12\" \/><\/figure><\/div><\/div><div><div class=\"builder-column builder-column-span-1_2 builder-column-last\" id=\"builder-column-5\" data-column-size=\"1_2\"><div class=\"builder-gallery builder-gallery-grid builder-grid-4 spacing-2\" id=\"builder-gallery-1\" data-builder-lightbox-role=\"gallery\"><figure class=\"builder-gallery-item\" id=\"builder-gallery-1-item-1\"><a href=\"https:\/\/gspholding.com.br\/site\/wp-content\/uploads\/2017\/02\/mineradora.jpeg\" data-builder-lightbox-role=\"gallery-item\"><img decoding=\"async\" src=\"https:\/\/gspholding.com.br\/site\/wp-content\/uploads\/2017\/02\/mineradora.jpeg\" alt=\"mineradora\" class=\"\"><\/a><\/figure><figure class=\"builder-gallery-item\" id=\"builder-gallery-1-item-2\"><a href=\"https:\/\/gspholding.com.br\/site\/wp-content\/uploads\/2017\/02\/mineradora2.jpeg\" data-builder-lightbox-role=\"gallery-item\"><img decoding=\"async\" src=\"https:\/\/gspholding.com.br\/site\/wp-content\/uploads\/2017\/02\/mineradora2.jpeg\" alt=\"mineradora2\" class=\"\"><\/a><\/figure><figure class=\"builder-gallery-item\" id=\"builder-gallery-1-item-3\"><a href=\"https:\/\/gspholding.com.br\/site\/wp-content\/uploads\/2017\/02\/mineradora3.jpeg\" data-builder-lightbox-role=\"gallery-item\"><img decoding=\"async\" src=\"https:\/\/gspholding.com.br\/site\/wp-content\/uploads\/2017\/02\/mineradora3.jpeg\" alt=\"mineradora3\" class=\"\"><\/a><\/figure><figure class=\"builder-gallery-item\" id=\"builder-gallery-1-item-4\"><a href=\"https:\/\/gspholding.com.br\/site\/wp-content\/uploads\/2017\/02\/mineradora4.jpeg\" data-builder-lightbox-role=\"gallery-item\"><img decoding=\"async\" src=\"https:\/\/gspholding.com.br\/site\/wp-content\/uploads\/2017\/02\/mineradora4.jpeg\" alt=\"mineradora4\" class=\"\"><\/a><\/figure><figure class=\"builder-gallery-item\" id=\"builder-gallery-1-item-5\"><a href=\"https:\/\/gspholding.com.br\/site\/wp-content\/uploads\/2017\/02\/mineradora5.jpeg\" data-builder-lightbox-role=\"gallery-item\"><img decoding=\"async\" src=\"https:\/\/gspholding.com.br\/site\/wp-content\/uploads\/2017\/02\/mineradora5.jpeg\" alt=\"mineradora5\" class=\"\"><\/a><\/figure><figure class=\"builder-gallery-item\" id=\"builder-gallery-1-item-6\"><a href=\"https:\/\/gspholding.com.br\/site\/wp-content\/uploads\/2017\/02\/mineradora6.jpeg\" data-builder-lightbox-role=\"gallery-item\"><img decoding=\"async\" src=\"https:\/\/gspholding.com.br\/site\/wp-content\/uploads\/2017\/02\/mineradora6.jpeg\" alt=\"mineradora6\" class=\"\"><\/a><\/figure><figure class=\"builder-gallery-item\" id=\"builder-gallery-1-item-7\"><a href=\"https:\/\/gspholding.com.br\/site\/wp-content\/uploads\/2017\/02\/mineradora7.jpeg\" data-builder-lightbox-role=\"gallery-item\"><img decoding=\"async\" src=\"https:\/\/gspholding.com.br\/site\/wp-content\/uploads\/2017\/02\/mineradora7.jpeg\" alt=\"mineradora7\" class=\"\"><\/a><\/figure><\/div><div class=\"builder-gallery builder-gallery-grid builder-grid-4 spacing-2\" id=\"builder-gallery-2\" data-builder-lightbox-role=\"gallery\"><figure class=\"builder-gallery-item\" id=\"builder-gallery-2-item-1\"><a href=\"https:\/\/gspholding.com.br\/site\/wp-content\/uploads\/2017\/02\/mineradora8.jpeg\" data-builder-lightbox-role=\"gallery-item\"><img decoding=\"async\" src=\"https:\/\/gspholding.com.br\/site\/wp-content\/uploads\/2017\/02\/mineradora8.jpeg\" alt=\"mineradora8\" class=\"\"><\/a><\/figure><figure class=\"builder-gallery-item\" id=\"builder-gallery-2-item-2\"><a href=\"https:\/\/gspholding.com.br\/site\/wp-content\/uploads\/2017\/02\/mineradora9.jpeg\" data-builder-lightbox-role=\"gallery-item\"><img decoding=\"async\" src=\"https:\/\/gspholding.com.br\/site\/wp-content\/uploads\/2017\/02\/mineradora9.jpeg\" alt=\"mineradora9\" class=\"\"><\/a><\/figure><figure class=\"builder-gallery-item\" id=\"builder-gallery-2-item-3\"><a href=\"https:\/\/gspholding.com.br\/site\/wp-content\/uploads\/2017\/02\/mineradora10.jpeg\" data-builder-lightbox-role=\"gallery-item\"><img decoding=\"async\" src=\"https:\/\/gspholding.com.br\/site\/wp-content\/uploads\/2017\/02\/mineradora10.jpeg\" alt=\"mineradora10\" class=\"\"><\/a><\/figure><figure class=\"builder-gallery-item\" id=\"builder-gallery-2-item-4\"><a href=\"https:\/\/gspholding.com.br\/site\/wp-content\/uploads\/2017\/02\/mineradora11.jpeg\" data-builder-lightbox-role=\"gallery-item\"><img decoding=\"async\" src=\"https:\/\/gspholding.com.br\/site\/wp-content\/uploads\/2017\/02\/mineradora11.jpeg\" alt=\"mineradora11\" class=\"\"><\/a><\/figure><figure class=\"builder-gallery-item\" id=\"builder-gallery-2-item-5\"><a href=\"https:\/\/gspholding.com.br\/site\/wp-content\/uploads\/2017\/02\/mineradora12.jpeg\" data-builder-lightbox-role=\"gallery-item\"><img decoding=\"async\" src=\"https:\/\/gspholding.com.br\/site\/wp-content\/uploads\/2017\/02\/mineradora12.jpeg\" alt=\"mineradora12\" class=\"\"><\/a><\/figure><figure class=\"builder-gallery-item\" id=\"builder-gallery-2-item-6\"><a href=\"https:\/\/gspholding.com.br\/site\/wp-content\/uploads\/2017\/02\/mineradora13.jpeg\" data-builder-lightbox-role=\"gallery-item\"><img decoding=\"async\" src=\"https:\/\/gspholding.com.br\/site\/wp-content\/uploads\/2017\/02\/mineradora13.jpeg\" alt=\"mineradora13\" class=\"\"><\/a><\/figure><figure class=\"builder-gallery-item\" id=\"builder-gallery-2-item-7\"><a href=\"https:\/\/gspholding.com.br\/site\/wp-content\/uploads\/2017\/02\/mineradora14.jpeg\" data-builder-lightbox-role=\"gallery-item\"><img decoding=\"async\" src=\"https:\/\/gspholding.com.br\/site\/wp-content\/uploads\/2017\/02\/mineradora14.jpeg\" alt=\"mineradora14\" class=\"\"><\/a><\/figure><figure class=\"builder-gallery-item\" id=\"builder-gallery-2-item-8\"><a href=\"https:\/\/gspholding.com.br\/site\/wp-content\/uploads\/2017\/02\/mineradora16.jpeg\" data-builder-lightbox-role=\"gallery-item\"><img decoding=\"async\" src=\"https:\/\/gspholding.com.br\/site\/wp-content\/uploads\/2017\/02\/mineradora16.jpeg\" alt=\"mineradora16\" class=\"\"><\/a><\/figure><\/div><\/div><\/div><\/div><div class=\"builder-column-row builder-columns-1_3-2_3 spacing-2\" id=\"builder-column-row-3\"><div><div class=\"builder-column builder-column-span-1_3 builder-column-first\" id=\"builder-column-6\" data-column-size=\"1_3\"><\/div><\/div><div><div class=\"builder-column builder-column-span-2_3 builder-column-last\" id=\"builder-column-7\" data-column-size=\"2_3\"><\/div><\/div><\/div><\/div><\/div><\/div><div class=\"builder-section builder-full-width-element builder-full-width-element-5\" id=\"builder-section-4\"><div class=\"builder-section-viewport\"><div class=\"builder-content-wrap\"><\/div><\/div><\/div><\/div>\n","protected":false},"excerpt":{"rendered":"GSP MINERADORAUma das mais completas provedoras de servi\u00e7o Especializada na extra\u00e7\u00e3o de ouro no Estado de Goi\u00e1s. Possui 5 requerimentos para a extra\u00e7\u00e3o de ouro nas regi\u00f5es de: \u00bbSanta Terezinha; \u00bbCampos Verdes; \u00bbAlto Horizonte. \u00c1REA DE EXPLORA\u00c7\u00c3O DE ESMERALDAS","protected":false},"author":2,"featured_media":0,"parent":0,"menu_order":0,"comment_status":"closed","ping_status":"closed","template":"","meta":{"footnotes":""},"_links":{"self":[{"href":"https:\/\/gspholding.com.br\/site\/wp-json\/wp\/v2\/pages\/557"}],"collection":[{"href":"https:\/\/gspholding.com.br\/site\/wp-json\/wp\/v2\/pages"}],"about":[{"href":"https:\/\/gspholding.com.br\/site\/wp-json\/wp\/v2\/types\/page"}],"author":[{"embeddable":true,"href":"https:\/\/gspholding.com.br\/site\/wp-json\/wp\/v2\/users\/2"}],"replies":[{"embeddable":true,"href":"https:\/\/gspholding.com.br\/site\/wp-json\/wp\/v2\/comments?post=557"}],"version-history":[{"count":15,"href":"https:\/\/gspholding.com.br\/site\/wp-json\/wp\/v2\/pages\/557\/revisions"}],"predecessor-version":[{"id":1689,"href":"https:\/\/gspholding.com.br\/site\/wp-json\/wp\/v2\/pages\/557\/revisions\/1689"}],"wp:attachment":[{"href":"https:\/\/gspholding.com.br\/site\/wp-json\/wp\/v2\/media?parent=557"}],"curies":[{"name":"wp","href":"https:\/\/api.w.org\/{rel}","templated":true}]}}