{"id":60,"date":"2016-09-29T13:15:10","date_gmt":"2016-09-29T16:15:10","guid":{"rendered":"https:\/\/gspholding.com.br\/site\/?page_id=60"},"modified":"2016-11-25T17:42:46","modified_gmt":"2016-11-25T19:42:46","slug":"pecuaria","status":"publish","type":"page","link":"https:\/\/gspholding.com.br\/site\/pecuaria\/","title":{"rendered":"Pecu\u00e1ria"},"content":{"rendered":"<div class=\"builder-container\"><div class=\"builder-full-width-slider builder-full-width-element builder-full-width-element-1\" id=\"builder-full-width-slider-1\" data-controls=\"none\"><ul class=\"builder-slider-slides\" style=\"height:70vh;\"><li class=\"builder-full-width-slider-slide builder-slider-slide has-custom-bg has-color-bg has-image-bg builder-parallax-viewport has-parallax-bg has-parallax-image-bg has-bg-overlay bg-overlay-style-color\" id=\"builder-full-width-slider-slide-1\" style=\"text-align:center;\"><div class=\"builder-parallax-bg builder-bg-scale\" style=\"background-color:#000000;background-image:url(https:\/\/gspholding.com.br\/site\/wp-content\/uploads\/2016\/09\/bg_pecuaria.jpg);;\" data-parallax=\"translate\"><\/div><div class=\"builder-bg-overlay\" style=\"opacity:0.6;background-color:#280000;\"><\/div><div class=\"builder-slide-caption builder-valign-middle\"><div class=\"builder-slide-caption-inner builder-valign-target\"><div class=\"builder-content-wrap\"><h2 class=\"builder-header builder-text-style-banner-title\" id=\"builder-header-1\" style=\"color:#ffffff;text-align:center;\">Pecu\u00e1ria<\/h2><h4 class=\"builder-header builder-text-style-small-uppercase-bold\" id=\"builder-header-2\" style=\"color:#ffffff;text-align:center;margin-bottom:10px;\">Grandes investimentos no Brasil e exterior a servi\u00e7o da excel\u00eancia do rebanho brasileiro<\/h4><p class=\"builder-button-group\" id=\"builder-button-group-1\" style=\"text-align:center\"><a class=\"builder-button button size-normal style-muted has-icon icon-location-after\" id=\"builder-button-group-item-1\" href=\"https:\/\/gspholding.com.br\/site\/gspagopecuaria\/\"><span class=\"builder-button-text\">GSP Agropecu\u00e1ria<\/span><span class=\"builder-button-group-icon-spacer\"><\/span><span class=\"builder-button-icon builder-icon entypo-right-open\"><\/span><\/a><\/p><\/div><\/div><\/div><\/li><\/ul><\/div><div class=\"builder-section builder-full-width-element builder-full-width-element-2\" id=\"builder-section-1\"><div class=\"builder-section-viewport\"><div class=\"builder-content-wrap\"><div class=\"builder-column-row builder-columns-1_4-1_2-1_4 spacing-2\" id=\"builder-column-row-1\"><div><div class=\"builder-column builder-column-span-1_4 builder-column-first\" id=\"builder-column-1\" data-column-size=\"1_4\"><\/div><\/div><div><div class=\"builder-column builder-column-span-1_2\" id=\"builder-column-2\" data-column-size=\"1_2\"><div class=\"builder-text-block\" id=\"builder-text-block-1\"><div class=\"builder-tmce-content\"><p>Grandes investimentos e pesquisas em gen\u00e9tica <strong>no Brasil e no exterior<\/strong>, a servi\u00e7o da <strong>excel\u00eancia do rebanho brasileiro<\/strong>, marcam a hist\u00f3ria da GSP Holding.<\/p>\n<p>O Grupo \u00e9 pioneiro em buscar o melhor da <strong>gen\u00e9tica mundial<\/strong>. Atualmente, a GSP Holding trabalha com <strong>importa\u00e7\u00e3o e exporta\u00e7\u00e3o<\/strong> de material gen\u00e9tico de ra\u00e7as bovinas de corte e de leite.<\/p>\n<p>Al\u00e9m disso, a GSP Holding mant\u00e9m parcerias com diversas centrais e empresas de gen\u00e9tica do Brasil, da Europa e dos Estados Unidos, e se especializou em captar a melhor gen\u00e9tica produzida no mundo e distribu\u00ed-la por todo o pa\u00eds.<\/p>\n<\/div><\/div><\/div><\/div><div><div class=\"builder-column builder-column-span-1_4 builder-column-last\" id=\"builder-column-3\" data-column-size=\"1_4\"><\/div><\/div><\/div><\/div><\/div><\/div><div class=\"builder-section builder-full-width-element builder-full-width-element-3\" id=\"builder-section-2\"><div class=\"builder-section-viewport\"><div class=\"builder-content-wrap\"><div class=\"builder-column-row builder-columns-1_4-1_2-1_4 spacing-2\" id=\"builder-column-row-2\"><div><div class=\"builder-column builder-column-span-1_4 builder-column-first\" id=\"builder-column-4\" data-column-size=\"1_4\"><\/div><\/div><div><div class=\"builder-column builder-column-span-1_2\" id=\"builder-column-5\" data-column-size=\"1_2\"><p class=\"builder-button-group\" id=\"builder-button-group-2\" style=\"text-align:center\"><a class=\"builder-button button size-normal style-green has-icon icon-location-before\" id=\"builder-button-group-item-2\" href=\"https:\/\/gspholding.com.br\/site\/contato\/\"><span class=\"builder-button-icon builder-icon entypo-chat\"><\/span><span class=\"builder-button-group-icon-spacer\"><\/span><span class=\"builder-button-text\">entre em contato<\/span><\/a><\/p><\/div><\/div><div><div class=\"builder-column builder-column-span-1_4 builder-column-last\" id=\"builder-column-6\" data-column-size=\"1_4\"><\/div><\/div><\/div><\/div><\/div><\/div><\/div>\n","protected":false},"excerpt":{"rendered":"Pecu\u00e1riaGrandes investimentos no Brasil e exterior a servi\u00e7o da excel\u00eancia do rebanho brasileiroGSP Agropecu\u00e1riaGrandes investimentos e pesquisas em gen\u00e9tica no Brasil e no exterior, a servi\u00e7o da excel\u00eancia do rebanho brasileiro, marcam a hist\u00f3ria da GSP Holding. O Grupo \u00e9 pioneiro em buscar o melhor da gen\u00e9tica mundial. Atualmente, a GSP Holding trabalha com importa\u00e7\u00e3o [...]","protected":false},"author":1,"featured_media":0,"parent":0,"menu_order":0,"comment_status":"closed","ping_status":"closed","template":"","meta":{"footnotes":""},"_links":{"self":[{"href":"https:\/\/gspholding.com.br\/site\/wp-json\/wp\/v2\/pages\/60"}],"collection":[{"href":"https:\/\/gspholding.com.br\/site\/wp-json\/wp\/v2\/pages"}],"about":[{"href":"https:\/\/gspholding.com.br\/site\/wp-json\/wp\/v2\/types\/page"}],"author":[{"embeddable":true,"href":"https:\/\/gspholding.com.br\/site\/wp-json\/wp\/v2\/users\/1"}],"replies":[{"embeddable":true,"href":"https:\/\/gspholding.com.br\/site\/wp-json\/wp\/v2\/comments?post=60"}],"version-history":[{"count":4,"href":"https:\/\/gspholding.com.br\/site\/wp-json\/wp\/v2\/pages\/60\/revisions"}],"predecessor-version":[{"id":363,"href":"https:\/\/gspholding.com.br\/site\/wp-json\/wp\/v2\/pages\/60\/revisions\/363"}],"wp:attachment":[{"href":"https:\/\/gspholding.com.br\/site\/wp-json\/wp\/v2\/media?parent=60"}],"curies":[{"name":"wp","href":"https:\/\/api.w.org\/{rel}","templated":true}]}}