{"id":62,"date":"2016-09-29T13:15:35","date_gmt":"2016-09-29T16:15:35","guid":{"rendered":"https:\/\/gspholding.com.br\/site\/?page_id=62"},"modified":"2017-01-20T14:53:50","modified_gmt":"2017-01-20T16:53:50","slug":"reflorestamento","status":"publish","type":"page","link":"https:\/\/gspholding.com.br\/site\/reflorestamento\/","title":{"rendered":"Reflorestamento"},"content":{"rendered":"<div class=\"builder-container\"><div class=\"builder-full-width-slider builder-full-width-element builder-full-width-element-1\" id=\"builder-full-width-slider-1\" data-controls=\"none\"><ul class=\"builder-slider-slides\" style=\"height:70vh;\"><li class=\"builder-full-width-slider-slide builder-slider-slide has-custom-bg has-color-bg has-image-bg builder-parallax-viewport has-parallax-bg has-parallax-image-bg has-bg-overlay bg-overlay-style-gradient\" id=\"builder-full-width-slider-slide-1\" style=\"text-align:center;\"><div class=\"builder-parallax-bg builder-bg-scale\" style=\"background-color:#065031;background-image:url(https:\/\/gspholding.com.br\/site\/wp-content\/uploads\/2016\/09\/bg_reflorestamento.jpg);;\" data-parallax=\"translate\"><\/div><div class=\"builder-bg-overlay\" style=\"background:rgba(10,0,0,0.4);background:-webkit-linear-gradient(to bottom,rgba(10,0,0,0.4),rgba(0,0,0,0.6));background:linear-gradient(to bottom,rgba(10,0,0,0.4),rgba(0,0,0,0.6));\"><\/div><div class=\"builder-slide-caption builder-valign-middle\"><div class=\"builder-slide-caption-inner builder-valign-target\"><div class=\"builder-content-wrap\"><h2 class=\"builder-header builder-text-style-banner-title\" id=\"builder-header-1\" style=\"color:#ffffff;text-align:center;\">Reflorestamento<\/h2><h4 class=\"builder-header builder-text-style-small-uppercase-bold\" id=\"builder-header-2\" style=\"color:#ffffff;text-align:center;margin-bottom:10px;\">Recupera\u00e7\u00e3o de \u00e1reas degradadas e medidas compensat\u00f3rias ambientais.<\/h4><p class=\"builder-button-group\" id=\"builder-button-group-1\" style=\"text-align:center\"><a class=\"builder-button button size-normal style-muted has-icon icon-location-after\" id=\"builder-button-group-item-1\" href=\"#\"><span class=\"builder-button-text\">GSP Ambiental<\/span><span class=\"builder-button-group-icon-spacer\"><\/span><span class=\"builder-button-icon builder-icon entypo-right-open\"><\/span><\/a><\/p><\/div><\/div><\/div><\/li><\/ul><\/div><div class=\"builder-section builder-full-width-element builder-full-width-element-2\" id=\"builder-section-1\"><div class=\"builder-section-viewport\"><div class=\"builder-content-wrap\"><div class=\"builder-row\" id=\"builder-row-1\" data-column-size=\"1\"><div class=\"builder-text-block\" id=\"builder-text-block-1\"><div class=\"builder-tmce-content\"><h3 style=\"text-align: center;\"><strong>Realizamos reflorestamento com \u00e1rvores nativas<\/strong><br \/>\npara fins de recupera\u00e7\u00e3o de \u00e1reas degradadas, bem como medidas compensat\u00f3rias ambientais.<\/h3>\n<\/div><\/div><\/div><div class=\"builder-row\" id=\"builder-row-2\" data-column-size=\"1\"><div class=\"builder-spacer builder-spacer-default-size clearfix\" id=\"builder-spacer-1\" style=\"height:22px;\"><\/div><\/div><div class=\"builder-column-row builder-columns-3_5-2_5 spacing-2\" id=\"builder-column-row-1\"><div><div class=\"builder-column builder-column-span-3_5 builder-column-first\" id=\"builder-column-1\" data-column-size=\"3_5\"><article class=\"builder-icon-box icon-location-adjacent icon-custom-color\" id=\"builder-icon-box-1\" data-entrance=\"builder-flip-in-x\"><div class=\"builder-icon-box-icon-container\" style=\"background-color:#006ca5;color:#006ca5;\"><span class=\"builder-icon-box-icon builder-icon entypo-users\"><\/span><\/div><div class=\"builder-icon-box-adjacent-container\"><h3 class=\"builder-icon-box-title\">Sustentabilidade Social<\/h3><div class=\"builder-icon-box-content\"><div class=\"builder-tmce-content\"><p>A GSP Holding acredita que a atua\u00e7\u00e3o e a crescente expans\u00e3o dos neg\u00f3cios de uma empresa est\u00e3o aliadas ao desenvolvimento social da comunidade onde est\u00e1 presente. \u00c9 por meio da educa\u00e7\u00e3o, cidadania, oficinas, f\u00f3runs e novas ideias que est\u00e1 o modo mais eficaz da empresa se envolver no aprimoramento do potencial humano.<\/p>\n<\/div><\/div><\/div><\/article><article class=\"builder-icon-box icon-location-adjacent icon-custom-color\" id=\"builder-icon-box-2\" data-entrance=\"builder-flip-in-x\"><div class=\"builder-icon-box-icon-container\" style=\"background-color:#3faa7f;color:#3faa7f;\"><span class=\"builder-icon-box-icon builder-icon entypo-globe\"><\/span><\/div><div class=\"builder-icon-box-adjacent-container\"><h3 class=\"builder-icon-box-title\">Sustentabilidade Ambiental<\/h3><div class=\"builder-icon-box-content\"><div class=\"builder-tmce-content\"><div class=\"thb-text\">\n<p>Mais do que realizar uma gest\u00e3o de neg\u00f3cios que contribua com a preserva\u00e7\u00e3o do ecossistema e o futuro do planeta, \u00e9 ser capaz de influenciar positivamente toda uma rede de relacionamento com a\u00e7\u00f5es ambientalmente sustent\u00e1veis \u2013 seja a comunidade, fornecedores, clientes ou associados.<\/p>\n<\/div>\n<\/div><\/div><\/div><\/article><article class=\"builder-icon-box icon-location-adjacent icon-custom-color\" id=\"builder-icon-box-3\" data-entrance=\"builder-flip-in-x\"><div class=\"builder-icon-box-icon-container\" style=\"background-color:#ffae00;color:#ffae00;\"><span class=\"builder-icon-box-icon builder-icon entypo-chart-bar\"><\/span><\/div><div class=\"builder-icon-box-adjacent-container\"><h3 class=\"builder-icon-box-title\">Sustentabilidade Econ\u00f4mica<\/h3><div class=\"builder-icon-box-content\"><div class=\"builder-tmce-content\"><div class=\"thb-text\">\n<p>Planejar e executar de modo organizado, sistematizado, \u00e1gil e com governan\u00e7a corporativa s\u00f3lida, possibilitando a\u00e7\u00f5es e decis\u00f5es acertadas no presente com comprometimento com o futuro, s\u00e3o pilares fundamentais da sustentabilidade econ\u00f4mica. A GSP Holding acredita que essa \u00e9 a chave para se garantir a sobreviv\u00eancia e o crescimento da organiza\u00e7\u00e3o no longo prazo.<\/p>\n<\/div>\n<\/div><\/div><\/div><\/article><\/div><\/div><div><div class=\"builder-column builder-column-span-2_5 builder-column-last\" id=\"builder-column-2\" data-column-size=\"2_5\"><div class=\"builder-text-block\" id=\"builder-text-block-2\"><div class=\"builder-tmce-content\"><p><img loading=\"lazy\" decoding=\"async\" class=\"attachment-full aligncenter\" src=\"http:\/\/gspholding.com.br\/cdn\/imgs\/selo-sustentavel.png\" width=\"300\" height=\"381\" \/><\/p>\n<\/div><\/div><\/div><\/div><\/div><\/div><\/div><\/div><div class=\"builder-section builder-full-width-element builder-full-width-element-3\" id=\"builder-section-2\"><div class=\"builder-section-viewport builder-valign-middle builder-parallax-viewport has-custom-bg has-image-bg has-parallax-bg has-parallax-image-bg has-bg-overlay bg-overlay-style-color\" style=\"min-height:60vh;\"><div class=\"builder-parallax-bg builder-bg-scale\" style=\"background-image:url(https:\/\/gspholding.com.br\/site\/wp-content\/uploads\/2016\/09\/bg_negocio-sustentavel.jpg);;\" data-parallax=\"translate\"><\/div><div class=\"builder-bg-overlay\" style=\"opacity:0.3;background-color:#ffffff;\"><\/div><div class=\"builder-valign-target\"><div class=\"builder-content-wrap\" data-parallax=\"translate\"><div class=\"builder-column-row-valign-wrapper spacing-2\"><div class=\"builder-column-row builder-columns-3_5-2_5 spacing-2 valign-columns-middle\" id=\"builder-column-row-2\"><div><div class=\"builder-column builder-column-span-3_5 builder-column-first\" id=\"builder-column-3\" data-column-size=\"3_5\"><\/div><\/div><div><div class=\"builder-column builder-column-span-2_5 builder-column-last\" id=\"builder-column-4\" data-column-size=\"2_5\"><div class=\"builder-text-block\" id=\"builder-text-block-3\"><div class=\"builder-tmce-content\"><h2 style=\"text-align: center;\"><\/h2>\n<h2 style=\"text-align: center;\"><strong style=\"color: #4d624e;\">Atitudes transformadoras<br \/>\n<\/strong>que s\u00e3o para a vida toda.<\/h2>\n<\/div><\/div><p class=\"builder-button-group\" id=\"builder-button-group-2\" style=\"text-align:center\"><a class=\"builder-button button size-normal style-green has-icon icon-location-before\" id=\"builder-button-group-item-2\" href=\"https:\/\/gspholding.com.br\/site\/contato\/\"><span class=\"builder-button-icon builder-icon entypo-chat\"><\/span><span class=\"builder-button-group-icon-spacer\"><\/span><span class=\"builder-button-text\">entre em contato<\/span><\/a><\/p><\/div><\/div><\/div><\/div><\/div><\/div><\/div><\/div><\/div>\n","protected":false},"excerpt":{"rendered":"ReflorestamentoRecupera\u00e7\u00e3o de \u00e1reas degradadas e medidas compensat\u00f3rias ambientais.GSP AmbientalRealizamos reflorestamento com \u00e1rvores nativas para fins de recupera\u00e7\u00e3o de \u00e1reas degradadas, bem como medidas compensat\u00f3rias ambientais. Sustentabilidade SocialA GSP Holding acredita que a atua\u00e7\u00e3o e a crescente expans\u00e3o dos neg\u00f3cios de uma empresa est\u00e3o aliadas ao desenvolvimento social da comunidade onde est\u00e1 presente. \u00c9 por meio [...]","protected":false},"author":1,"featured_media":0,"parent":0,"menu_order":0,"comment_status":"closed","ping_status":"closed","template":"","meta":{"footnotes":""},"_links":{"self":[{"href":"https:\/\/gspholding.com.br\/site\/wp-json\/wp\/v2\/pages\/62"}],"collection":[{"href":"https:\/\/gspholding.com.br\/site\/wp-json\/wp\/v2\/pages"}],"about":[{"href":"https:\/\/gspholding.com.br\/site\/wp-json\/wp\/v2\/types\/page"}],"author":[{"embeddable":true,"href":"https:\/\/gspholding.com.br\/site\/wp-json\/wp\/v2\/users\/1"}],"replies":[{"embeddable":true,"href":"https:\/\/gspholding.com.br\/site\/wp-json\/wp\/v2\/comments?post=62"}],"version-history":[{"count":6,"href":"https:\/\/gspholding.com.br\/site\/wp-json\/wp\/v2\/pages\/62\/revisions"}],"predecessor-version":[{"id":442,"href":"https:\/\/gspholding.com.br\/site\/wp-json\/wp\/v2\/pages\/62\/revisions\/442"}],"wp:attachment":[{"href":"https:\/\/gspholding.com.br\/site\/wp-json\/wp\/v2\/media?parent=62"}],"curies":[{"name":"wp","href":"https:\/\/api.w.org\/{rel}","templated":true}]}}