{"id":64,"date":"2016-09-29T13:16:18","date_gmt":"2016-09-29T16:16:18","guid":{"rendered":"https:\/\/gspholding.com.br\/site\/?page_id=64"},"modified":"2021-03-22T11:52:20","modified_gmt":"2021-03-22T14:52:20","slug":"gspagopecuaria","status":"publish","type":"page","link":"https:\/\/gspholding.com.br\/site\/gspagopecuaria\/","title":{"rendered":"Gsp Agropecu\u00e1ria"},"content":{"rendered":"<div class=\"builder-container\"><div class=\"builder-full-width-slider builder-full-width-element builder-full-width-element-1\" id=\"builder-full-width-slider-1\" data-controls=\"none\"><ul class=\"builder-slider-slides\" style=\"height:60vh;\"><li class=\"builder-full-width-slider-slide builder-slider-slide\" id=\"builder-full-width-slider-slide-1\" style=\"text-shadow:rgba(0,0,0,0.5) 0px 1px 2px;text-align:center;\"><div class=\"builder-slide-caption builder-valign-middle\"><div class=\"builder-slide-caption-inner builder-valign-target\"><div class=\"builder-content-wrap\"><figure class=\"builder-image halign-image-center\" id=\"builder-image-1\"><img decoding=\"async\" src=\"https:\/\/gspholding.com.br\/site\/wp-content\/uploads\/2018\/10\/Ativo-6GSP-1024x195.png\" alt=\"Ativo 6GSP\" \/><\/figure><\/div><\/div><\/div><\/li><\/ul><\/div><div class=\"builder-section has-top-arrow builder-full-width-element builder-full-width-element-2\" id=\"builder-section-1\"><div class=\"builder-section-arrow builder-section-arrow-top\" style=\"border-bottom-color:#f9f9f9;\"><\/div><div class=\"builder-section-viewport has-custom-bg has-color-bg\" style=\"background-color:#ffffff;padding-top:100px;padding-bottom:100px;\"><div class=\"builder-content-wrap\"><div class=\"builder-column-row builder-columns-1_4-1_2-1_4 spacing-2\" id=\"builder-column-row-1\"><div><div class=\"builder-column builder-column-span-1_4 builder-column-first\" id=\"builder-column-1\" data-column-size=\"1_4\"><div class=\"builder-spacer clearfix\" id=\"builder-spacer-1\" style=\"height:60px;\"><\/div><div class=\"builder-icon-shortode icon-align-none\" id=\"builder-icon-1\"><div class=\"builder-icon entypo-leaf\" style=\"font-size:80px;width:140px;height:140px;line-height:120px;border-radius:140px;color:#21931f;opacity:0.8;\"><\/div><\/div><h1 class=\"builder-header\" id=\"builder-header-1\" style=\"color:#21931f;\">Sustentabilidade<\/h1><div class=\"builder-text-block\" id=\"builder-text-block-1\"><div class=\"builder-tmce-content\"><p>\u00bbO <strong>GRUPO S\u00c3O PAULO HOLDING<\/strong> apresenta aos seus clientes e amigos a <strong>GSP AGROPECU\u00c1RIA<\/strong>, seus projetos e sua vari\u00e1vel socioambiental, com proposta de equil\u00edbrio entre suas atividades econ\u00f4micas, sociais e culturais.<\/p>\n<p>\u00bbPara isso, incorpora a\u00e7\u00f5es sustent\u00e1veis \u00e0 sua gest\u00e3o e as considera estrat\u00e9gicas na condu\u00e7\u00e3o dos projetos agr\u00edcolas da empresa.<\/p>\n<p>\u00bbAs Boas Pr\u00e1ticas de Produ\u00e7\u00e3o (BPP) dever\u00e3o nortear o manejo dos diversos projetos geridos pela <strong>GSP AGROPECU\u00c1RIA.<\/strong><\/p>\n<\/div><\/div><\/div><\/div><div><div class=\"builder-column builder-column-span-1_2\" id=\"builder-column-2\" data-column-size=\"1_2\"><figure class=\"builder-image halign-image-center\" id=\"builder-image-2\"><img decoding=\"async\" src=\"https:\/\/gspholding.com.br\/site\/wp-content\/uploads\/2016\/09\/OG2OEE0.jpg\" alt=\"Light Bulb with global inside\" title=\"Light Bulb with global inside\" data-entrance=\"builder-flip-in-x\" data-entrance-delay=\"500\" \/><\/figure><div class=\"builder-text-block\" id=\"builder-text-block-2\"><div class=\"builder-tmce-content\"><p>\u00bbA <strong>GSP AGROPECU\u00c1RIA<\/strong>, apresenta seus projetos agropecu\u00e1rios com aten\u00e7\u00e3o ao impacto que essas atividades poder\u00e3o causar ao Meio Ambiente desenvolvendo relacionamentos comerciais respons\u00e1veis que compartilhem do mesmo compromisso.<\/p>\n<\/div><\/div><\/div><\/div><div><div class=\"builder-column builder-column-span-1_4 builder-column-last\" id=\"builder-column-3\" data-column-size=\"1_4\"><div class=\"builder-spacer clearfix\" id=\"builder-spacer-2\" style=\"height:60px;\"><\/div><div class=\"builder-icon-shortode icon-align-none\" id=\"builder-icon-2\"><div class=\"builder-icon entypo-thumbs-up\" style=\"font-size:80px;width:140px;height:140px;line-height:120px;border-radius:140px;color:#21931f;opacity:0.8;\"><\/div><\/div><h1 class=\"builder-header\" id=\"builder-header-2\" style=\"color:#21931f;\">Responsabilidade Social<\/h1><div class=\"builder-text-block\" id=\"builder-text-block-3\"><div class=\"builder-tmce-content\"><p>\u00bbA ideia \u00e9 manter um relacionamento \u00e9tico e proativo com as comunidades rurais ao seu redor procurando gerar e transferir novos conhecimentos e tecnologias simples capazes de melhorar a qualidade de vida dessas pessoas.<\/p>\n<p>\u00bbEntendemos que empresa socialmente respons\u00e1vel \u00e9 aquela que procura se colocar numa perspectiva de vanguarda em rela\u00e7\u00e3o as exig\u00eancias dos mercados, das comunidades onde atua e em rela\u00e7\u00e3o aos seus compromissos institucionais.<\/p>\n<\/div><\/div><\/div><\/div><\/div><\/div><\/div><\/div><div class=\"builder-section has-top-arrow builder-full-width-element builder-full-width-element-3\" id=\"builder-section-2\"><div class=\"builder-section-arrow builder-section-arrow-top\" style=\"border-bottom-color:#f9f9f9;\"><\/div><div class=\"builder-section-viewport builder-valign-middle builder-parallax-viewport has-custom-bg has-color-bg\" style=\"background-color:#1e73be;padding-top:100px;padding-bottom:100px;\"><div class=\"builder-valign-target\"><div class=\"builder-content-wrap\" data-parallax=\"fade\"><div class=\"builder-column-row builder-columns-1_4-1_2-1_4 spacing-2\" id=\"builder-column-row-2\"><div><div class=\"builder-column builder-column-span-1_4 builder-column-first\" id=\"builder-column-4\" data-column-size=\"1_4\"><div class=\"builder-text-block\" id=\"builder-text-block-4\"><div class=\"builder-tmce-content\"><p style=\"text-align: center;\">Brasileiros s\u00e3o os que mais procuram por produtos com certificado florestal. Pesquisa apresentada pelo Forest Stewardship Council (Conselho de Manejo Florestal) mostra que os consumidores do pa\u00eds est\u00e3o dispostos a pagar mais caro por produtos com certificado de bom manejo florestal.<\/p>\n<\/div><\/div><\/div><\/div><div><div class=\"builder-column builder-column-span-1_2\" id=\"builder-column-5\" data-column-size=\"1_2\"><h1 class=\"builder-header\" id=\"builder-header-3\" style=\"color:#ffffff;text-align:center;\">A Amaz\u00f4nia brasileira \u00e9 uma das \u00e1reas do planeta com maior \u00edndice de conflitos por raz\u00f5es ambientais - Foto: Yasuyoshi Chiba\/AFP<\/h1><figure class=\"builder-image halign-image-center\" id=\"builder-image-3\"><img decoding=\"async\" src=\"https:\/\/gspholding.com.br\/site\/wp-content\/uploads\/2016\/09\/WhatsApp-Image-2017-11-04-at-20.36.47.jpeg\" alt=\"WhatsApp Image 2017-11-04 at 20.36.47\" \/><\/figure><\/div><\/div><div><div class=\"builder-column builder-column-span-1_4 builder-column-last\" id=\"builder-column-6\" data-column-size=\"1_4\"><div class=\"builder-text-block\" id=\"builder-text-block-5\"><div class=\"builder-tmce-content\"><p style=\"text-align: center;\">Vancouver (Canad\u00e1) \u2014\u00a0O consumidor brasileiro est\u00e1 entre os mais dispostos a colocar a m\u00e3o no bolso e pagar mais caro por produtos florestais certificados. \u00c9 o que aponta o resultado de uma pesquisa apresentada no m\u00eas passado pelo Forest Stewardship Council (Conselho de Manejo Florestal) durante a oitava edi\u00e7\u00e3o da Assembleia Geral da organiza\u00e7\u00e3o n\u00e3o governamental.<\/p>\n<\/div><\/div><\/div><\/div><\/div><\/div><\/div><\/div><\/div><div class=\"builder-section has-top-arrow builder-full-width-element builder-full-width-element-4\" id=\"builder-section-3\"><div class=\"builder-section-arrow builder-section-arrow-top\" style=\"border-bottom-color:#f9f9f9;\"><\/div><div class=\"builder-section-viewport has-custom-bg has-color-bg\" style=\"background-color:#ffffff;padding-top:100px;padding-bottom:100px;\"><div class=\"builder-content-wrap\"><div class=\"builder-column-row builder-columns-4 spacing-2\" id=\"builder-column-row-3\"><div><div class=\"builder-column builder-column-span-1_4 builder-column-first\" id=\"builder-column-7\" data-column-size=\"1_4\"><article class=\"builder-icon-box icon-location-adjacent icon-custom-color builder-superlink\" id=\"builder-icon-box-1\"><div class=\"builder-icon-box-icon-container\" style=\"background-color:#21931f;color:#21931f;\"><span class=\"builder-icon-box-icon builder-icon entypo-check\"><\/span><\/div><div class=\"builder-icon-box-adjacent-container\"><h3 class=\"builder-icon-box-title\">CERRADO<\/h3><div class=\"builder-icon-box-content\"><div class=\"builder-tmce-content\"><\/div><p class=\"builder-icon-box-link hide-if-js\"><a href=\"https:\/\/gspholding.com.br\/site\/cerrado\/\" target=\"_blank\">CERRADO &#8594;<\/a><\/p><\/div><\/div><\/article><figure class=\"builder-image halign-image-none\" id=\"builder-image-4\"><img decoding=\"async\" src=\"https:\/\/gspholding.com.br\/site\/wp-content\/uploads\/2016\/09\/Fotos-Renova3-300x180.png\" alt=\"Fotos Renova3\" \/><\/figure><\/div><\/div><div><div class=\"builder-column builder-column-span-1_4\" id=\"builder-column-8\" data-column-size=\"1_4\"><article class=\"builder-icon-box icon-location-adjacent icon-custom-color builder-superlink\" id=\"builder-icon-box-2\"><div class=\"builder-icon-box-icon-container\" style=\"background-color:#21931f;color:#21931f;\"><span class=\"builder-icon-box-icon builder-icon entypo-check\"><\/span><\/div><div class=\"builder-icon-box-adjacent-container\"><h3 class=\"builder-icon-box-title\">NATIVAS<\/h3><div class=\"builder-icon-box-content\"><div class=\"builder-tmce-content\"><\/div><p class=\"builder-icon-box-link hide-if-js\"><a href=\"https:\/\/gspholding.com.br\/site\/nativas\/\" target=\"_blank\">NATIVAS &#8594;<\/a><\/p><\/div><\/div><\/article><figure class=\"builder-image halign-image-none\" id=\"builder-image-5\"><img decoding=\"async\" src=\"https:\/\/gspholding.com.br\/site\/wp-content\/uploads\/2016\/09\/Fotos-Renova2-300x180.png\" alt=\"Fotos Renova2\" \/><\/figure><\/div><\/div><div><div class=\"builder-column builder-column-span-1_4\" id=\"builder-column-9\" data-column-size=\"1_4\"><article class=\"builder-icon-box icon-location-adjacent icon-custom-color builder-superlink\" id=\"builder-icon-box-3\"><div class=\"builder-icon-box-icon-container\" style=\"background-color:#21931f;color:#21931f;\"><span class=\"builder-icon-box-icon builder-icon entypo-check\"><\/span><\/div><div class=\"builder-icon-box-adjacent-container\"><h3 class=\"builder-icon-box-title\">ORG\u00c2NICOS<\/h3><div class=\"builder-icon-box-content\"><div class=\"builder-tmce-content\"><\/div><p class=\"builder-icon-box-link hide-if-js\"><a href=\"https:\/\/gspholding.com.br\/site\/organicos\/\" target=\"_blank\">ORG\u00c2NICOS &#8594;<\/a><\/p><\/div><\/div><\/article><figure class=\"builder-image halign-image-none\" id=\"builder-image-6\"><a href=\"https:\/\/gspholding.com.br\/site\/organicos\/\"><img decoding=\"async\" src=\"https:\/\/gspholding.com.br\/site\/wp-content\/uploads\/2016\/09\/Fotos-Renova4-300x180.png\" alt=\"Fotos Renova4\" \/><\/a><\/figure><\/div><\/div><div><div class=\"builder-column builder-column-span-1_4 builder-column-last\" id=\"builder-column-10\" data-column-size=\"1_4\"><article class=\"builder-icon-box icon-location-adjacent icon-custom-color builder-superlink\" id=\"builder-icon-box-4\"><div class=\"builder-icon-box-icon-container\" style=\"background-color:#21931f;color:#21931f;\"><span class=\"builder-icon-box-icon builder-icon entypo-check\"><\/span><\/div><div class=\"builder-icon-box-adjacent-container\"><h3 class=\"builder-icon-box-title\">PESCADOS<\/h3><div class=\"builder-icon-box-content\"><div class=\"builder-tmce-content\"><\/div><p class=\"builder-icon-box-link hide-if-js\"><a href=\"https:\/\/gspholding.com.br\/site\/pescados\/\" target=\"_blank\">PESCADOS &#8594;<\/a><\/p><\/div><\/div><\/article><figure class=\"builder-image halign-image-center\" id=\"builder-image-7\"><img decoding=\"async\" src=\"https:\/\/gspholding.com.br\/site\/wp-content\/uploads\/2016\/09\/Fotos-Renova-300x180.png\" alt=\"Fotos Renova\" \/><\/figure><\/div><\/div><\/div><\/div><\/div><\/div><div class=\"builder-full-width-slider builder-full-width-element builder-full-width-element-5\" id=\"builder-full-width-slider-2\" data-controls=\"none\"><ul class=\"builder-slider-slides\" style=\"height:50vh;\"><li class=\"builder-full-width-slider-slide builder-slider-slide has-custom-bg has-color-bg has-image-bg builder-parallax-viewport has-parallax-bg has-parallax-image-bg has-bg-overlay bg-overlay-style-gradient\" id=\"builder-full-width-slider-slide-2\" style=\"text-align:center;\"><div class=\"builder-parallax-bg builder-bg-scale\" style=\"background-color:#292c4d;background-image:url(https:\/\/gspholding.com.br\/site\/wp-content\/uploads\/2016\/09\/bg_contato.jpg);;\" data-parallax=\"translate\"><\/div><div class=\"builder-bg-overlay\" style=\"background:rgba(41,44,77,0.7);background:-webkit-linear-gradient(to bottom,rgba(41,44,77,0.7),rgba(41,44,77,0.9));background:linear-gradient(to bottom,rgba(41,44,77,0.7),rgba(41,44,77,0.9));\"><\/div><div class=\"builder-slide-caption builder-valign-middle\"><div class=\"builder-slide-caption-inner builder-valign-target\"><div class=\"builder-content-wrap\"><h2 class=\"builder-header builder-text-style-hero-title\" id=\"builder-header-4\" style=\"color:#ffffff;text-align:center;\">Contato<\/h2><h3 class=\"builder-header builder-text-style-hero-tagline\" id=\"builder-header-5\" style=\"color:#ffffff;text-align:center;\">Estamos aqui para melhor atend\u00ea-lo.<\/h3><\/div><\/div><\/div><\/li><\/ul><\/div><div class=\"builder-section builder-full-width-element builder-full-width-element-6\" id=\"builder-section-4\"><div class=\"builder-section-viewport\"><div class=\"builder-content-wrap\"><div class=\"builder-column-row builder-columns-3 spacing-3\" id=\"builder-column-row-4\"><div><div class=\"builder-column builder-column-span-1_3 builder-column-first\" id=\"builder-column-11\" data-column-size=\"1_3\"><article class=\"builder-icon-box icon-location-adjacent icon-custom-color\" id=\"builder-icon-box-5\"><div class=\"builder-icon-box-icon-container\" style=\"background-color:#8222d6;color:#8222d6;\"><span class=\"builder-icon-box-icon builder-icon entypo-location\"><\/span><\/div><div class=\"builder-icon-box-adjacent-container\"><h3 class=\"builder-icon-box-title\">Visite-nos<\/h3><div class=\"builder-icon-box-content\"><div class=\"builder-tmce-content\"><p>Est\u00e2ncia Palmeiras 0376 &#8211; Sobrado Zona Rural<\/p>\n<p>Goianira &#8211; GO<\/p>\n<\/div><\/div><\/div><\/article><\/div><\/div><div><div class=\"builder-column builder-column-span-1_3\" id=\"builder-column-12\" data-column-size=\"1_3\"><article class=\"builder-icon-box icon-location-adjacent icon-custom-color\" id=\"builder-icon-box-6\"><div class=\"builder-icon-box-icon-container\" style=\"background-color:#278df4;color:#278df4;\"><span class=\"builder-icon-box-icon builder-icon entypo-mail\"><\/span><\/div><div class=\"builder-icon-box-adjacent-container\"><h3 class=\"builder-icon-box-title\">E-mail<\/h3><div class=\"builder-icon-box-content\"><div class=\"builder-tmce-content\"><p>info@gspholding.com.br<\/p>\n<\/div><\/div><\/div><\/article><\/div><\/div><div><div class=\"builder-column builder-column-span-1_3 builder-column-last\" id=\"builder-column-13\" data-column-size=\"1_3\"><article class=\"builder-icon-box icon-location-adjacent icon-custom-color\" id=\"builder-icon-box-7\"><div class=\"builder-icon-box-icon-container\" style=\"background-color:#ea3566;color:#ea3566;\"><span class=\"builder-icon-box-icon builder-icon entypo-clock\"><\/span><\/div><div class=\"builder-icon-box-adjacent-container\"><h3 class=\"builder-icon-box-title\">Expediente<\/h3><div class=\"builder-icon-box-content\"><div class=\"builder-tmce-content\"><p><strong>Segunda \u00e0 Sexta<\/strong><\/p>\n<p>08:00 \u00e0s 18:00 (BRT)<\/p>\n<\/div><\/div><\/div><\/article><\/div><\/div><\/div><\/div><\/div><\/div><\/div>\n","protected":false},"excerpt":{"rendered":"Sustentabilidade\u00bbO GRUPO S\u00c3O PAULO HOLDING apresenta aos seus clientes e amigos a GSP AGROPECU\u00c1RIA, seus projetos e sua vari\u00e1vel socioambiental, com proposta de equil\u00edbrio entre suas atividades econ\u00f4micas, sociais e culturais. \u00bbPara isso, incorpora a\u00e7\u00f5es sustent\u00e1veis \u00e0 sua gest\u00e3o e as considera estrat\u00e9gicas na condu\u00e7\u00e3o dos projetos agr\u00edcolas da empresa. \u00bbAs Boas Pr\u00e1ticas de Produ\u00e7\u00e3o [...]","protected":false},"author":1,"featured_media":0,"parent":0,"menu_order":0,"comment_status":"closed","ping_status":"closed","template":"","meta":{"footnotes":""},"_links":{"self":[{"href":"https:\/\/gspholding.com.br\/site\/wp-json\/wp\/v2\/pages\/64"}],"collection":[{"href":"https:\/\/gspholding.com.br\/site\/wp-json\/wp\/v2\/pages"}],"about":[{"href":"https:\/\/gspholding.com.br\/site\/wp-json\/wp\/v2\/types\/page"}],"author":[{"embeddable":true,"href":"https:\/\/gspholding.com.br\/site\/wp-json\/wp\/v2\/users\/1"}],"replies":[{"embeddable":true,"href":"https:\/\/gspholding.com.br\/site\/wp-json\/wp\/v2\/comments?post=64"}],"version-history":[{"count":23,"href":"https:\/\/gspholding.com.br\/site\/wp-json\/wp\/v2\/pages\/64\/revisions"}],"predecessor-version":[{"id":2091,"href":"https:\/\/gspholding.com.br\/site\/wp-json\/wp\/v2\/pages\/64\/revisions\/2091"}],"wp:attachment":[{"href":"https:\/\/gspholding.com.br\/site\/wp-json\/wp\/v2\/media?parent=64"}],"curies":[{"name":"wp","href":"https:\/\/api.w.org\/{rel}","templated":true}]}}