{"id":733,"date":"2017-02-21T17:55:54","date_gmt":"2017-02-21T20:55:54","guid":{"rendered":"https:\/\/gspholding.com.br\/site\/?page_id=733"},"modified":"2018-10-23T17:12:25","modified_gmt":"2018-10-23T20:12:25","slug":"cerrado","status":"publish","type":"page","link":"https:\/\/gspholding.com.br\/site\/cerrado\/","title":{"rendered":"Cerrado"},"content":{"rendered":"<div class=\"builder-container\"><div class=\"builder-section builder-full-width-element builder-full-width-element-1\" id=\"builder-section-1\"><div class=\"builder-section-viewport has-custom-bg has-color-bg has-image-bg builder-bg-scale builder-bg-scroll has-bg-overlay bg-overlay-style-gradient\" style=\"background-color:#292c4d;background-image:url(https:\/\/gspholding.com.br\/site\/wp-content\/uploads\/2017\/02\/landscape-1629977_1920.jpg);\"><div class=\"builder-bg-overlay\" style=\"background:rgba(53,61,101,0.7);background:-webkit-linear-gradient(to bottom,rgba(53,61,101,0.7),rgba(0,0,0,0.7));background:linear-gradient(to bottom,rgba(53,61,101,0.7),rgba(0,0,0,0.7));\"><\/div><div class=\"builder-content-wrap\"><div class=\"builder-row\" id=\"builder-row-1\" data-column-size=\"1\"><div class=\"builder-spacer clearfix\" id=\"builder-spacer-1\" style=\"height:50px;\"><\/div><h1 class=\"builder-header\" id=\"builder-header-1\" style=\"color:#ffffff;text-align:center;font-size:50px;\">CERRADO<\/h1><div class=\"builder-spacer clearfix\" id=\"builder-spacer-2\" style=\"height:50px;\"><\/div><div class=\"builder-text-block\" id=\"builder-text-block-1\"><div class=\"builder-tmce-content\"><h2 style=\"text-align: center;\"><span style=\"color: #ffffff;\"><strong>Projeto de Integra\u00e7\u00e3o Lavoura Pecu\u00e1ria Floresta (ILPF)<\/strong><\/span><\/h2>\n<h4><span style=\"color: #ffffff;\">O diferencial desse projeto est\u00e1 na op\u00e7\u00e3o de utiliza\u00e7\u00e3o da vegeta\u00e7\u00e3o nativa do cerrado, distribuindo faixas intercaladas dessa vegeta\u00e7\u00e3o com faixas de pastagens formadas. Nessas faixas de cerrado, onde houve car\u00eancia na vegeta\u00e7\u00e3o, ser\u00e3o plantadas esp\u00e9cies nativas com maior potencia de estocagem de carbono.<\/span><\/h4>\n<h4 style=\"text-align: center;\"><span style=\"color: #ffffff;\">O sistema <strong>ILPF<\/strong> \u00e9 tecnologia usada para mitigar emiss\u00f5es de <strong>GEEs (Gases de Efeito Estufa)<\/strong> e atender \u00e0 necessidade de bem-estar animal ao proporcionar prote\u00e7\u00e3o contra estresse t\u00e9rmico, promover a biodiversidade em sistemas produtivos e, incrementar o uso eficiente da terra com agrega\u00e7\u00e3o de valor e renda para as \u00e1reas de pastagens.<\/span><\/h4>\n<\/div><\/div><\/div><div class=\"builder-column-row builder-columns-1_3-2_3 spacing-2\" id=\"builder-column-row-1\"><div><div class=\"builder-column builder-column-span-1_3 builder-column-first\" id=\"builder-column-1\" data-column-size=\"1_3\"><div class=\"builder-icon-shortode icon-align-center\" id=\"builder-icon-1\"><div class=\"builder-icon entypo-thumbs-up\" style=\"font-size:60px;width:105px;height:105px;line-height:90px;border-radius:105px;color:#ffffff;\"><\/div><\/div><\/div><\/div><div><div class=\"builder-column builder-column-span-2_3 builder-column-last\" id=\"builder-column-2\" data-column-size=\"2_3\"><div class=\"builder-spacer clearfix\" id=\"builder-spacer-3\" style=\"height:50px;\"><\/div><div class=\"builder-text-block\" id=\"builder-text-block-2\"><div class=\"builder-tmce-content\"><h2 style=\"text-align: justify;\"><span style=\"color: #ffffff;\">Com esse cons\u00f3rcio de sistemas, a incid\u00eancia de pragas e doen\u00e7as ser\u00e1 potencialmente neutralizada.<\/span><\/h2>\n<\/div><\/div><div class=\"builder-icon-shortode icon-align-right\" id=\"builder-icon-2\"><div class=\"builder-icon entypo-thumbs-up\" style=\"font-size:60px;width:105px;height:105px;line-height:90px;border-radius:105px;color:#ffffff;\"><\/div><\/div><\/div><\/div><\/div><\/div><\/div><\/div><div class=\"builder-section builder-full-width-element builder-full-width-element-2\" id=\"builder-section-2\"><div class=\"builder-section-viewport has-custom-bg has-color-bg\" style=\"background-color:#ffffff;\"><div class=\"builder-content-wrap\"><div class=\"builder-row\" id=\"builder-row-2\" data-column-size=\"1\"><div class=\"builder-text-block\" id=\"builder-text-block-3\"><div class=\"builder-tmce-content\"><h3 style=\"text-align: justify;\"><span style=\"color: #000000;\">A <strong>GSP AGROPECU\u00c1RIA<\/strong> se articula com v\u00e1rias comunidades vizinhas como o Povoado dos Porcos, Samambaia, Povoado Santo Ant\u00f4nio e Povoado Riacho do Meio no sentindo de levar at\u00e9 eles algumas pequenas tecnologias que possam ser utilizadas de forma simples e com bons resultados. A ideia \u00e9 montar alguns &#8220;pilotos&#8221; que possam servir de inspira\u00e7\u00e3o a essas comunidades.Haver\u00e1 assist\u00eancia t\u00e9cnica na montagem e condu\u00e7\u00e3o dos projetos.<\/span><\/h3>\n<\/div><\/div><figure class=\"builder-image halign-image-center\" id=\"builder-image-1\"><img decoding=\"async\" src=\"https:\/\/gspholding.com.br\/site\/wp-content\/uploads\/2018\/10\/Ativo-6GSP-300x57.png\" alt=\"Ativo 6GSP\" \/><\/figure><\/div><\/div><\/div><\/div><div class=\"builder-section builder-full-width-element builder-full-width-element-3\" id=\"builder-section-3\"><div class=\"builder-section-viewport has-custom-bg has-color-bg has-image-bg builder-bg-scale builder-bg-scroll has-bg-overlay bg-overlay-style-gradient\" style=\"background-color:#292c4d;background-image:url(https:\/\/gspholding.com.br\/site\/wp-content\/uploads\/2017\/02\/landscape-1629977_1920.jpg);\"><div class=\"builder-bg-overlay\" style=\"background:rgba(53,61,101,0.7);background:-webkit-linear-gradient(to bottom,rgba(53,61,101,0.7),rgba(0,0,0,0.7));background:linear-gradient(to bottom,rgba(53,61,101,0.7),rgba(0,0,0,0.7));\"><\/div><div class=\"builder-content-wrap\"><div class=\"builder-row\" id=\"builder-row-3\" data-column-size=\"1\"><div class=\"builder-text-block\" id=\"builder-text-block-4\"><div class=\"builder-tmce-content\"><h2 style=\"text-align: center;\"><span style=\"color: #ffffff;\"><strong>Projeto de Integra\u00e7\u00e3o Lavoura Pecu\u00e1ria Floresta (ILPF)<\/strong><\/span><\/h2>\n<h4><span style=\"color: #ffffff;\">O diferencial desse projeto est\u00e1 na op\u00e7\u00e3o de utiliza\u00e7\u00e3o da vegeta\u00e7\u00e3o nativa do cerrado, distribuindo faixas intercaladas dessa vegeta\u00e7\u00e3o com faixas de pastagens formadas. Nessas faixas de cerrado, onde houve car\u00eancia na vegeta\u00e7\u00e3o, ser\u00e3o plantadas esp\u00e9cies nativas com maior potencia de estocagem de carbono.<\/span><\/h4>\n<h4 style=\"text-align: center;\"><span style=\"color: #ffffff;\">O sistema <strong>ILPF<\/strong> \u00e9 tecnologia usada para mitigar emiss\u00f5es de <strong>GEEs (Gases de Efeito Estufa)<\/strong> e atender \u00e0 necessidade de bem-estar animal ao proporcionar prote\u00e7\u00e3o contra estresse t\u00e9rmico, promover a biodiversidade em sistemas produtivos e, incrementar o uso eficiente da terra com agrega\u00e7\u00e3o de valor e renda para as \u00e1reas de pastagens.<\/span><\/h4>\n<\/div><\/div><\/div><div class=\"builder-column-row builder-columns-1_3-2_3 spacing-2\" id=\"builder-column-row-2\"><div><div class=\"builder-column builder-column-span-1_3 builder-column-first\" id=\"builder-column-3\" data-column-size=\"1_3\"><div class=\"builder-icon-shortode icon-align-center\" id=\"builder-icon-3\"><div class=\"builder-icon entypo-thumbs-up\" style=\"font-size:80px;width:140px;height:140px;line-height:120px;border-radius:140px;color:#ffffff;\"><\/div><\/div><\/div><\/div><div><div class=\"builder-column builder-column-span-2_3 builder-column-last\" id=\"builder-column-4\" data-column-size=\"2_3\"><div class=\"builder-spacer clearfix\" id=\"builder-spacer-4\" style=\"height:50px;\"><\/div><div class=\"builder-text-block\" id=\"builder-text-block-5\"><div class=\"builder-tmce-content\"><h2 style=\"text-align: justify;\"><span style=\"color: #ffffff;\">Com esse cons\u00f3rcio de sistemas, a incid\u00eancia de pragas e doen\u00e7as ser\u00e1 potencialmente neutralizada.<\/span><\/h2>\n<\/div><\/div><div class=\"builder-icon-shortode icon-align-right\" id=\"builder-icon-4\"><div class=\"builder-icon entypo-thumbs-up\" style=\"font-size:80px;width:140px;height:140px;line-height:120px;border-radius:140px;color:#ffffff;\"><\/div><\/div><\/div><\/div><\/div><\/div><\/div><\/div><div class=\"builder-section builder-full-width-element builder-full-width-element-4\" id=\"builder-section-4\"><div class=\"builder-section-viewport has-custom-bg has-color-bg\" style=\"background-color:#ffffff;\"><div class=\"builder-content-wrap\"><div class=\"builder-row\" id=\"builder-row-4\" data-column-size=\"1\"><div class=\"builder-text-block\" id=\"builder-text-block-6\"><div class=\"builder-tmce-content\"><h3 style=\"text-align: justify;\"><span style=\"color: #000000;\">A <strong>RENOVA<\/strong> se articula com v\u00e1rias comunidades vizinhas como o Povoado dos Porcos, Samambaia, Povoado Santo Ant\u00f4nio e Povoado Riacho do Meio no sentindo de levar at\u00e9 eles algumas pequenas tecnologias que possam ser utilizadas de forma simples e com bons resultados. A ideia \u00e9 montar alguns &#8220;pilotos&#8221; que possam servir de inspira\u00e7\u00e3o a essas comunidades.Haver\u00e1 assist\u00eancia t\u00e9cnica na montagem e condu\u00e7\u00e3o dos projetos.<\/span><\/h3>\n<\/div><\/div><figure class=\"builder-image halign-image-center\" id=\"builder-image-2\"><img decoding=\"async\" src=\"https:\/\/gspholding.com.br\/site\/wp-content\/uploads\/2018\/10\/Ativo-6GSP-300x57.png\" alt=\"Ativo 6GSP\" \/><\/figure><\/div><\/div><\/div><\/div><\/div>\n","protected":false},"excerpt":{"rendered":"CERRADOProjeto de Integra\u00e7\u00e3o Lavoura Pecu\u00e1ria Floresta (ILPF) O diferencial desse projeto est\u00e1 na op\u00e7\u00e3o de utiliza\u00e7\u00e3o da vegeta\u00e7\u00e3o nativa do cerrado, distribuindo faixas intercaladas dessa vegeta\u00e7\u00e3o com faixas de pastagens formadas. Nessas faixas de cerrado, onde houve car\u00eancia na vegeta\u00e7\u00e3o, ser\u00e3o plantadas esp\u00e9cies nativas com maior potencia de estocagem de carbono. O sistema ILPF \u00e9 [...]","protected":false},"author":2,"featured_media":0,"parent":0,"menu_order":0,"comment_status":"closed","ping_status":"closed","template":"","meta":{"footnotes":""},"_links":{"self":[{"href":"https:\/\/gspholding.com.br\/site\/wp-json\/wp\/v2\/pages\/733"}],"collection":[{"href":"https:\/\/gspholding.com.br\/site\/wp-json\/wp\/v2\/pages"}],"about":[{"href":"https:\/\/gspholding.com.br\/site\/wp-json\/wp\/v2\/types\/page"}],"author":[{"embeddable":true,"href":"https:\/\/gspholding.com.br\/site\/wp-json\/wp\/v2\/users\/2"}],"replies":[{"embeddable":true,"href":"https:\/\/gspholding.com.br\/site\/wp-json\/wp\/v2\/comments?post=733"}],"version-history":[{"count":14,"href":"https:\/\/gspholding.com.br\/site\/wp-json\/wp\/v2\/pages\/733\/revisions"}],"predecessor-version":[{"id":1384,"href":"https:\/\/gspholding.com.br\/site\/wp-json\/wp\/v2\/pages\/733\/revisions\/1384"}],"wp:attachment":[{"href":"https:\/\/gspholding.com.br\/site\/wp-json\/wp\/v2\/media?parent=733"}],"curies":[{"name":"wp","href":"https:\/\/api.w.org\/{rel}","templated":true}]}}