{"id":753,"date":"2017-02-23T11:40:07","date_gmt":"2017-02-23T14:40:07","guid":{"rendered":"https:\/\/gspholding.com.br\/site\/?page_id=753"},"modified":"2018-10-23T17:14:30","modified_gmt":"2018-10-23T20:14:30","slug":"nativas","status":"publish","type":"page","link":"https:\/\/gspholding.com.br\/site\/nativas\/","title":{"rendered":"Nativas"},"content":{"rendered":"<div class=\"builder-container\"><div class=\"builder-section builder-full-width-element builder-full-width-element-1\" id=\"builder-section-1\"><div class=\"builder-section-viewport builder-parallax-viewport has-custom-bg has-color-bg has-image-bg builder-bg-scale builder-bg-scroll has-bg-overlay bg-overlay-style-gradient\" style=\"background-color:#292c4d;background-image:url(https:\/\/gspholding.com.br\/site\/wp-content\/uploads\/2016\/09\/graos-481.jpg);\"><div class=\"builder-bg-overlay\" style=\"background:rgba(41,44,77,0.7);background:-webkit-linear-gradient(to bottom,rgba(41,44,77,0.7),rgba(0,0,0,0.8));background:linear-gradient(to bottom,rgba(41,44,77,0.7),rgba(0,0,0,0.8));\"><\/div><div class=\"builder-content-wrap\" data-parallax=\"fade\"><div class=\"builder-row\" id=\"builder-row-1\" data-column-size=\"1\"><div class=\"builder-spacer clearfix\" id=\"builder-spacer-1\" style=\"height:50px;\"><\/div><h1 class=\"builder-header builder-text-style-banner-title\" id=\"builder-header-1\" style=\"color:#ffffff;text-align:center;\">Nativas<\/h1><div class=\"builder-spacer clearfix\" id=\"builder-spacer-2\" style=\"height:50px;\"><\/div><h1 class=\"builder-header builder-text-style-section-title\" id=\"builder-header-2\" style=\"color:#ffffff;text-align:center;\">Reflorestamento e Recupera\u00e7\u00e3o de Vegeta\u00e7\u00e3o Nativa<\/h1><div class=\"builder-spacer clearfix\" id=\"builder-spacer-3\" style=\"height:80px;\"><\/div><\/div><\/div><\/div><\/div><div class=\"builder-section builder-full-width-element builder-full-width-element-2\" id=\"builder-section-2\"><div class=\"builder-section-viewport has-custom-bg has-color-bg\" style=\"background-color:#ffffff;\"><div class=\"builder-content-wrap\"><div class=\"builder-row\" id=\"builder-row-2\" data-column-size=\"1\"><div class=\"builder-text-block\" id=\"builder-text-block-1\"><div class=\"builder-tmce-content\"><h3 style=\"text-align: justify;\"><span style=\"color: #000000;\">Esse projeto prev\u00ea a organiza\u00e7\u00e3o mais efetiva da produ\u00e7\u00e3o de esp\u00e9cies nativas dos biomas onde atua, disponibilizando recursos financeiros e humanos para esse trabalho.<\/span><\/h3>\n<h3 style=\"text-align: justify;\"><span style=\"color: #000000;\">Para isso, dever\u00e1 e articular com viveiros j\u00e1 estabelecidos de ONG\u00b4s, Prefeituras, Associa\u00e7\u00f5es de Produtores, Parques, Reservas e Empresas interessadas no sentido de adequar a coleta de sementes crioulas de esp\u00e9cies nativas \u00e0 demanda por mudas de todos os agentes envolvidos na prote\u00e7\u00e3o do Meio, em duas frentes:<\/span><\/h3>\n<h4 style=\"text-align: left;\"><span style=\"color: #000000;\">\u00a0<\/span><\/h4>\n<\/div><\/div><\/div><div class=\"builder-column-row builder-columns-2 spacing-2\" id=\"builder-column-row-1\"><div><div class=\"builder-column builder-column-span-1_2 builder-column-first\" id=\"builder-column-1\" data-column-size=\"1_2\"><figure class=\"builder-image halign-image-center\" id=\"builder-image-1\"><img decoding=\"async\" src=\"https:\/\/gspholding.com.br\/site\/wp-content\/uploads\/2017\/02\/sunrise-1929292_1280-150x150.jpg\" alt=\"sunrise-1929292_1280\" \/><\/figure><div class=\"builder-spacer builder-spacer-default-size clearfix\" id=\"builder-spacer-4\" style=\"height:22px;\"><\/div><figure class=\"builder-image halign-image-center\" id=\"builder-image-2\"><img decoding=\"async\" src=\"https:\/\/gspholding.com.br\/site\/wp-content\/uploads\/2017\/02\/landscape-1629977_1920-150x150.jpg\" alt=\"landscape-1629977_1920\" \/><\/figure><\/div><\/div><div><div class=\"builder-column builder-column-span-1_2 builder-column-last\" id=\"builder-column-2\" data-column-size=\"1_2\"><div class=\"builder-instructions\" id=\"builder-instructions-1\" data-entrance-trigger=\"animate-step\"><div class=\"builder-instructions-step has-icon\" id=\"builder-instructions-item-1\" data-entrance=\"chained\" data-entrance-delay=\"0\"><div class=\"builder-step-symbol\"><span class=\"builder-step-icon builder-icon entypo-air\"><\/span><\/div><div class=\"builder-step-description\"><h3 class=\"builder-step-title\"><\/h3><div class=\"builder-step-content builder-tmce-content\"><h3 style=\"text-align: left;\">Reflorestamento das margens dos rios e c\u00f3rregos em \u00e1reas de seu dom\u00ednio;<\/h3>\n<\/div><\/div><\/div><div class=\"builder-instructions-step has-icon\" id=\"builder-instructions-item-2\" data-entrance=\"chained\" data-entrance-delay=\"250\"><div class=\"builder-step-symbol\"><span class=\"builder-step-icon builder-icon entypo-feather\"><\/span><\/div><div class=\"builder-step-description\"><h3 class=\"builder-step-title\"><\/h3><div class=\"builder-step-content builder-tmce-content\"><h3>Estimulo da recupera\u00e7\u00e3o de vegeta\u00e7\u00e3o nativa nas \u00e1reas das pequenas comunidades vizinhas.<\/h3>\n<\/div><\/div><\/div><\/div><\/div><\/div><\/div><div class=\"builder-column-row builder-columns-2 spacing-2\" id=\"builder-column-row-2\"><div><div class=\"builder-column builder-column-span-1_2 builder-column-first\" id=\"builder-column-3\" data-column-size=\"1_2\"><div class=\"builder-spacer clearfix\" id=\"builder-spacer-5\" style=\"height:100px;\"><\/div><article class=\"builder-icon-box icon-location-adjacent icon-custom-color\" id=\"builder-icon-box-1\" data-entrance=\"builder-flip-in-x\" data-entrance-delay=\"500\"><div class=\"builder-icon-box-icon-container\" style=\"background-color:#002e84;color:#002e84;\"><span class=\"builder-icon-box-icon builder-icon entypo-comment\"><\/span><\/div><div class=\"builder-icon-box-adjacent-container\"><h3 class=\"builder-icon-box-title\">Estruturas e A\u00e7\u00f5es<\/h3><div class=\"builder-icon-box-content\"><div class=\"builder-tmce-content\"><\/div><\/div><\/div><\/article><div class=\"builder-spacer clearfix\" id=\"builder-spacer-6\" style=\"height:30px;\"><\/div><div class=\"builder-tab-group\" id=\"builder-tab-group-1\"><nav class=\"builder-tab-group-tabs\"><ul><li class=\"builder-tab-group-tab is-active\"><a>Sementes Crioulas<\/a><\/li><li class=\"builder-tab-group-tab\"><a>VIVEIROS<\/a><\/li><li class=\"builder-tab-group-tab\"><a>Mutir\u00e3o de Plantios<\/a><\/li><\/ul><\/nav><div class=\"builder-tab-group-panes\"><section class=\"builder-tab-group-pane is-active\" id=\"builder-tab-group-item-1\"><h3 class=\"builder-tab-group-pane-title\">Sementes Crioulas<\/h3><div class=\"builder-tab-group-pane-content\"><div class=\"builder-tmce-content\"><h4 style=\"text-align: center;\">\u00bbBanco de Coleta de Sementes Crioulas &#8211; Sistematiza\u00e7\u00e3o<\/h4>\n<\/div><\/div><\/section><section class=\"builder-tab-group-pane\" id=\"builder-tab-group-item-2\"><h3 class=\"builder-tab-group-pane-title\">VIVEIROS<\/h3><div class=\"builder-tab-group-pane-content\"><div class=\"builder-tmce-content\"><h4 style=\"text-align: center;\">\u00bbViveiro para produ\u00e7\u00e3o de esp\u00e9cies crioulas (ONG\u00b4s, Prefeituras, Associa\u00e7\u00f5es, Parques, Reservas, etc,);<\/h4>\n<\/div><\/div><\/section><section class=\"builder-tab-group-pane\" id=\"builder-tab-group-item-3\"><h3 class=\"builder-tab-group-pane-title\">Mutir\u00e3o de Plantios<\/h3><div class=\"builder-tab-group-pane-content\"><div class=\"builder-tmce-content\"><h4 style=\"text-align: center;\">\u00bbMutir\u00e3o de plantios com a participa\u00e7\u00e3o das comunidades vizinhas (estudantes) &#8211; aspecto motivacional;<\/h4>\n<\/div><\/div><\/section><\/div><\/div><\/div><\/div><div><div class=\"builder-column builder-column-span-1_2 builder-column-last\" id=\"builder-column-4\" data-column-size=\"1_2\"><div class=\"builder-spacer clearfix\" id=\"builder-spacer-7\" style=\"height:100px;\"><\/div><figure class=\"builder-image halign-image-center\" id=\"builder-image-3\"><img decoding=\"async\" src=\"https:\/\/gspholding.com.br\/site\/wp-content\/uploads\/2018\/10\/Ativo-6GSP-300x57.png\" alt=\"Ativo 6GSP\" \/><\/figure><\/div><\/div><\/div><\/div><\/div><\/div><\/div>\n","protected":false},"excerpt":{"rendered":"NativasReflorestamento e Recupera\u00e7\u00e3o de Vegeta\u00e7\u00e3o NativaEsse projeto prev\u00ea a organiza\u00e7\u00e3o mais efetiva da produ\u00e7\u00e3o de esp\u00e9cies nativas dos biomas onde atua, disponibilizando recursos financeiros e humanos para esse trabalho. Para isso, dever\u00e1 e articular com viveiros j\u00e1 estabelecidos de ONG\u00b4s, Prefeituras, Associa\u00e7\u00f5es de Produtores, Parques, Reservas e Empresas interessadas no sentido de adequar a coleta [...]","protected":false},"author":2,"featured_media":0,"parent":0,"menu_order":0,"comment_status":"closed","ping_status":"closed","template":"","meta":{"footnotes":""},"_links":{"self":[{"href":"https:\/\/gspholding.com.br\/site\/wp-json\/wp\/v2\/pages\/753"}],"collection":[{"href":"https:\/\/gspholding.com.br\/site\/wp-json\/wp\/v2\/pages"}],"about":[{"href":"https:\/\/gspholding.com.br\/site\/wp-json\/wp\/v2\/types\/page"}],"author":[{"embeddable":true,"href":"https:\/\/gspholding.com.br\/site\/wp-json\/wp\/v2\/users\/2"}],"replies":[{"embeddable":true,"href":"https:\/\/gspholding.com.br\/site\/wp-json\/wp\/v2\/comments?post=753"}],"version-history":[{"count":11,"href":"https:\/\/gspholding.com.br\/site\/wp-json\/wp\/v2\/pages\/753\/revisions"}],"predecessor-version":[{"id":1386,"href":"https:\/\/gspholding.com.br\/site\/wp-json\/wp\/v2\/pages\/753\/revisions\/1386"}],"wp:attachment":[{"href":"https:\/\/gspholding.com.br\/site\/wp-json\/wp\/v2\/media?parent=753"}],"curies":[{"name":"wp","href":"https:\/\/api.w.org\/{rel}","templated":true}]}}