{"id":773,"date":"2017-02-23T17:27:53","date_gmt":"2017-02-23T20:27:53","guid":{"rendered":"https:\/\/gspholding.com.br\/site\/?page_id=773"},"modified":"2018-10-23T17:17:38","modified_gmt":"2018-10-23T20:17:38","slug":"organicos","status":"publish","type":"page","link":"https:\/\/gspholding.com.br\/site\/organicos\/","title":{"rendered":"Org\u00e2nicos"},"content":{"rendered":"<div class=\"builder-container\"><div class=\"builder-section builder-full-width-element builder-full-width-element-1\" id=\"builder-section-1\"><div class=\"builder-section-viewport has-custom-bg has-color-bg has-image-bg builder-bg-scale builder-bg-scroll has-bg-overlay bg-overlay-style-gradient\" style=\"background-color:#292c4d;background-image:url(https:\/\/gspholding.com.br\/site\/wp-content\/uploads\/2016\/09\/cows.jpg);\"><div class=\"builder-bg-overlay\" style=\"background:rgba(53,61,101,0.7);background:-webkit-linear-gradient(to bottom,rgba(53,61,101,0.7),rgba(0,0,0,0.7));background:linear-gradient(to bottom,rgba(53,61,101,0.7),rgba(0,0,0,0.7));\"><\/div><div class=\"builder-content-wrap\"><div class=\"builder-row\" id=\"builder-row-1\" data-column-size=\"1\"><div class=\"builder-spacer clearfix\" id=\"builder-spacer-1\" style=\"height:50px;\"><\/div><h1 class=\"builder-header builder-text-style-banner-title\" id=\"builder-header-1\" style=\"color:#ffffff;text-align:center;\">Org\u00e2nicos<\/h1><h1 class=\"builder-header builder-text-style-page-tagline\" id=\"builder-header-2\" style=\"color:#ffffff;text-align:center;\">Compromisso com a Produ\u00e7\u00e3o Org\u00e2nica<\/h1><div class=\"builder-spacer clearfix\" id=\"builder-spacer-2\" style=\"height:100px;\"><\/div><\/div><\/div><\/div><\/div><div class=\"builder-section builder-full-width-element builder-full-width-element-2\" id=\"builder-section-2\"><div class=\"builder-section-viewport\"><div class=\"builder-content-wrap\"><div class=\"builder-column-row builder-columns-2_5-3_5 spacing-2\" id=\"builder-column-row-1\"><div><div class=\"builder-column builder-column-span-2_5 builder-column-first\" id=\"builder-column-1\" data-column-size=\"2_5\"><figure class=\"builder-image halign-image-left\" id=\"builder-image-1\"><img decoding=\"async\" src=\"https:\/\/gspholding.com.br\/site\/wp-content\/uploads\/2017\/02\/checklist-1622517_1280-150x150.png\" alt=\"checklist-1622517_1280\" \/><\/figure><h1 class=\"builder-header builder-text-style-page-title\" id=\"builder-header-3\" style=\"color:#000000;text-align:left;\">Din\u00e2mica<\/h1><\/div><\/div><div><div class=\"builder-column builder-column-span-3_5 builder-column-last\" id=\"builder-column-2\" data-column-size=\"3_5\"><div class=\"builder-instructions\" id=\"builder-instructions-1\" data-entrance-trigger=\"animate-step\"><div class=\"builder-instructions-step has-icon\" id=\"builder-instructions-item-1\" data-entrance=\"chained\" data-entrance-delay=\"0\"><div class=\"builder-step-symbol\"><span class=\"builder-step-icon builder-icon entypo-check\"><\/span><\/div><div class=\"builder-step-description\"><h3 class=\"builder-step-title\">Gado de leite em Floresta<\/h3><div class=\"builder-step-content builder-tmce-content\"><\/div><\/div><\/div><div class=\"builder-instructions-step has-icon\" id=\"builder-instructions-item-2\" data-entrance=\"chained\" data-entrance-delay=\"250\"><div class=\"builder-step-symbol\"><span class=\"builder-step-icon builder-icon entypo-check\"><\/span><\/div><div class=\"builder-step-description\"><h3 class=\"builder-step-title\">Rota\u00e7\u00e3o de \u00e1reas de pastagem com cultivos.<\/h3><div class=\"builder-step-content builder-tmce-content\"><\/div><\/div><\/div><div class=\"builder-instructions-step has-icon\" id=\"builder-instructions-item-3\" data-entrance=\"chained\" data-entrance-delay=\"500\"><div class=\"builder-step-symbol\"><span class=\"builder-step-icon builder-icon entypo-check\"><\/span><\/div><div class=\"builder-step-description\"><h3 class=\"builder-step-title\">Bancos de Prote\u00ednas<\/h3><div class=\"builder-step-content builder-tmce-content\"><\/div><\/div><\/div><div class=\"builder-instructions-step has-icon\" id=\"builder-instructions-item-4\" data-entrance=\"chained\" data-entrance-delay=\"750\"><div class=\"builder-step-symbol\"><span class=\"builder-step-icon builder-icon entypo-check\"><\/span><\/div><div class=\"builder-step-description\"><h3 class=\"builder-step-title\">Pastagens manejadas de forma rotativa, com divis\u00e3o de piquetes, visando manter solo coberto evitando o pisoteio excessivo.<\/h3><div class=\"builder-step-content builder-tmce-content\"><\/div><\/div><\/div><div class=\"builder-instructions-step has-icon\" id=\"builder-instructions-item-5\" data-entrance=\"chained\" data-entrance-delay=\"1000\"><div class=\"builder-step-symbol\"><span class=\"builder-step-icon builder-icon entypo-check\"><\/span><\/div><div class=\"builder-step-description\"><h3 class=\"builder-step-title\">Calagem, fertilizantes org\u00e2nicos, estercos, aduba\u00e7\u00e3o verde, incorpora\u00e7\u00e3o de restos culturais, cascas e cinzas.<\/h3><div class=\"builder-step-content builder-tmce-content\"><\/div><\/div><\/div><\/div><\/div><\/div><\/div><div class=\"builder-row\" id=\"builder-row-2\" data-column-size=\"1\"><div class=\"builder-spacer clearfix\" id=\"builder-spacer-3\" style=\"height:100px;\"><\/div><\/div><div class=\"builder-row\" id=\"builder-row-3\" style=\"border:20px solid #353d65;\" data-column-size=\"1\"><div class=\"builder-text-block\" id=\"builder-text-block-1\"><div class=\"builder-tmce-content\"><h1 style=\"text-align: center;\"><span style=\"text-decoration: underline;\">Leite Org\u00e2nico<\/span><\/h1>\n<h4 style=\"text-align: center;\">Para se produzir 196 litros de leite di\u00e1rios, precisam-se de 12 vacas de m\u00e9dia lacta\u00e7\u00e3o e aproximadamente 10 hectares de terra para produzir alimento e instala\u00e7\u00f5es necess\u00e1rias. Como se v\u00ea, esse modelo proporciona facilidades de ades\u00e3o dos pequenos agricultores ao sistema de integra\u00e7\u00e3o que a <strong>GSP AGROPECU\u00c1RIA<\/strong> ir\u00e1 desenvolver. O sistema org\u00e2nico \u00e9 muito mais eficiente e eficaz quando aplicado em pequenas e m\u00e9dias propriedades que podem usar sua m\u00e3o de obra familiar.<\/h4>\n<p>\u00a0<\/p>\n<h4 style=\"text-align: center;\">A <strong>GSP AGROPECU\u00c1RIA<\/strong> ir\u00e1 estimular a implanta\u00e7\u00e3o de um latic\u00ednio de leite org\u00e2nico em torno de sua \u00e1rea de atua\u00e7\u00e3o para dar sustentabilidade a essa atividade e criar um ambiente ideal de produ\u00e7\u00e3o, com assist\u00eancia t\u00e9cnica permanente, insumos e orienta\u00e7\u00e3o de mercado.<\/h4>\n<\/div><\/div><\/div><\/div><\/div><\/div><div class=\"builder-section builder-full-width-element builder-full-width-element-3\" id=\"builder-section-3\"><div class=\"builder-section-viewport has-custom-bg has-color-bg\" style=\"background-color:#ffffff;\"><div class=\"builder-content-wrap\"><div class=\"builder-row\" id=\"builder-row-4\" data-column-size=\"1\"><figure class=\"builder-image halign-image-center\" id=\"builder-image-2\"><img decoding=\"async\" src=\"https:\/\/gspholding.com.br\/site\/wp-content\/uploads\/2018\/10\/Ativo-6GSP-300x57.png\" alt=\"Ativo 6GSP\" \/><\/figure><\/div><\/div><\/div><\/div><\/div>\n","protected":false},"excerpt":{"rendered":"Org\u00e2nicosCompromisso com a Produ\u00e7\u00e3o Org\u00e2nicaDin\u00e2micaGado de leite em FlorestaRota\u00e7\u00e3o de \u00e1reas de pastagem com cultivos.Bancos de Prote\u00ednasPastagens manejadas de forma rotativa, com divis\u00e3o de piquetes, visando manter solo coberto evitando o pisoteio excessivo.Calagem, fertilizantes org\u00e2nicos, estercos, aduba\u00e7\u00e3o verde, incorpora\u00e7\u00e3o de restos culturais, cascas e cinzas.Leite Org\u00e2nico Para se produzir 196 litros de leite di\u00e1rios, precisam-se [...]","protected":false},"author":2,"featured_media":0,"parent":0,"menu_order":0,"comment_status":"closed","ping_status":"closed","template":"","meta":{"footnotes":""},"_links":{"self":[{"href":"https:\/\/gspholding.com.br\/site\/wp-json\/wp\/v2\/pages\/773"}],"collection":[{"href":"https:\/\/gspholding.com.br\/site\/wp-json\/wp\/v2\/pages"}],"about":[{"href":"https:\/\/gspholding.com.br\/site\/wp-json\/wp\/v2\/types\/page"}],"author":[{"embeddable":true,"href":"https:\/\/gspholding.com.br\/site\/wp-json\/wp\/v2\/users\/2"}],"replies":[{"embeddable":true,"href":"https:\/\/gspholding.com.br\/site\/wp-json\/wp\/v2\/comments?post=773"}],"version-history":[{"count":13,"href":"https:\/\/gspholding.com.br\/site\/wp-json\/wp\/v2\/pages\/773\/revisions"}],"predecessor-version":[{"id":1388,"href":"https:\/\/gspholding.com.br\/site\/wp-json\/wp\/v2\/pages\/773\/revisions\/1388"}],"wp:attachment":[{"href":"https:\/\/gspholding.com.br\/site\/wp-json\/wp\/v2\/media?parent=773"}],"curies":[{"name":"wp","href":"https:\/\/api.w.org\/{rel}","templated":true}]}}