{"id":814,"date":"2017-03-02T16:04:51","date_gmt":"2017-03-02T19:04:51","guid":{"rendered":"https:\/\/gspholding.com.br\/site\/?page_id=814"},"modified":"2017-07-20T17:41:14","modified_gmt":"2017-07-20T20:41:14","slug":"gestaofinanceira","status":"publish","type":"page","link":"https:\/\/gspholding.com.br\/site\/gestaofinanceira\/","title":{"rendered":"Gest\u00e3o Financeira"},"content":{"rendered":"<div class=\"builder-container\"><div class=\"builder-section builder-full-width-element builder-full-width-element-1\" id=\"builder-section-1\"><div class=\"builder-section-viewport has-custom-bg has-color-bg has-image-bg builder-bg-scale builder-bg-scroll has-bg-overlay bg-overlay-style-gradient\" style=\"background-color:#292c4d;background-image:url(https:\/\/gspholding.com.br\/site\/wp-content\/uploads\/2017\/03\/analysis-1841158_1920.jpg);\"><div class=\"builder-bg-overlay\" style=\"background:rgba(53,61,101,0.8);background:-webkit-linear-gradient(to bottom,rgba(53,61,101,0.8),rgba(0,0,0,0.9));background:linear-gradient(to bottom,rgba(53,61,101,0.8),rgba(0,0,0,0.9));\"><\/div><div class=\"builder-content-wrap\"><div class=\"builder-row\" id=\"builder-row-1\" data-column-size=\"1\"><div class=\"builder-spacer clearfix\" id=\"builder-spacer-1\" style=\"height:200px;\"><\/div><\/div><\/div><\/div><\/div><div class=\"builder-section builder-full-width-element builder-full-width-element-2\" id=\"builder-section-2\"><div class=\"builder-section-viewport\"><div class=\"builder-content-wrap\"><div class=\"builder-column-row builder-columns-2 spacing-2\" id=\"builder-column-row-1\"><div><div class=\"builder-column builder-column-span-1_2 builder-column-first\" id=\"builder-column-1\" data-column-size=\"1_2\"><div class=\"builder-text-block\" id=\"builder-text-block-1\"><div class=\"builder-tmce-content\"><h3 style=\"text-align: center;\"><span style=\"color: #000000;\">As empresas deparam diariamente com a necessidade de recursos financeiros para equilibrar seu fluxo de caixa e administrar seu capital de giro, controlar seu contas a pagar e a receber e obter recursos no mercado financeiro e ainda controlar seus custos fixos e vari\u00e1veis dentre outras decis\u00f5es necess\u00e1rias para uma boa administra\u00e7\u00e3o do seu neg\u00f3cio.<\/span><\/h3>\n<\/div><\/div><div class=\"builder-spacer builder-spacer-default-size clearfix\" id=\"builder-spacer-2\" style=\"height:22px;\"><\/div><figure class=\"builder-image halign-image-center\" id=\"builder-image-1\"><img decoding=\"async\" src=\"https:\/\/gspholding.com.br\/site\/wp-content\/uploads\/2017\/03\/euro-447209_1920-300x200.jpg\" alt=\"euro-447209_1920\" \/><\/figure><\/div><\/div><div><div class=\"builder-column builder-column-span-1_2 builder-column-last\" id=\"builder-column-2\" data-column-size=\"1_2\"><div class=\"builder-spacer clearfix\" id=\"builder-spacer-3\" style=\"height:30px;\"><\/div><figure class=\"builder-image halign-image-center\" id=\"builder-image-2\"><img decoding=\"async\" src=\"https:\/\/gspholding.com.br\/site\/wp-content\/uploads\/2017\/03\/dollar-1995420_1920-300x150.jpg\" alt=\"dollar-1995420_1920\" \/><\/figure><div class=\"builder-spacer clearfix\" id=\"builder-spacer-4\" style=\"height:60px;\"><\/div><div class=\"builder-text-block\" id=\"builder-text-block-2\"><div class=\"builder-tmce-content\"><h3 style=\"text-align: center;\"><span style=\"color: #000000;\"><strong><span style=\"text-decoration: underline;\">O GSP HOLDING<\/span> <\/strong>atua na presta\u00e7\u00e3o de assessoria de gest\u00e3o financeira com equipe especializada e experiente que promove o desenvolvimento e readequa\u00e7\u00f5es na gest\u00e3o financeira de sua empresa com ferramentas de apoio a decis\u00f5es que orientem o gestor financeiro a gerir informa\u00e7\u00f5es de seu neg\u00f3cio de forma pr\u00e1tica e proativa na busca dos melhores resultados.<\/span><\/h3>\n<\/div><\/div><\/div><\/div><\/div><\/div><\/div><\/div><\/div>\n","protected":false},"excerpt":{"rendered":"As empresas deparam diariamente com a necessidade de recursos financeiros para equilibrar seu fluxo de caixa e administrar seu capital de giro, controlar seu contas a pagar e a receber e obter recursos no mercado financeiro e ainda controlar seus custos fixos e vari\u00e1veis dentre outras decis\u00f5es necess\u00e1rias para uma boa administra\u00e7\u00e3o do seu neg\u00f3cio. [...]","protected":false},"author":2,"featured_media":0,"parent":0,"menu_order":0,"comment_status":"closed","ping_status":"closed","template":"","meta":{"footnotes":""},"_links":{"self":[{"href":"https:\/\/gspholding.com.br\/site\/wp-json\/wp\/v2\/pages\/814"}],"collection":[{"href":"https:\/\/gspholding.com.br\/site\/wp-json\/wp\/v2\/pages"}],"about":[{"href":"https:\/\/gspholding.com.br\/site\/wp-json\/wp\/v2\/types\/page"}],"author":[{"embeddable":true,"href":"https:\/\/gspholding.com.br\/site\/wp-json\/wp\/v2\/users\/2"}],"replies":[{"embeddable":true,"href":"https:\/\/gspholding.com.br\/site\/wp-json\/wp\/v2\/comments?post=814"}],"version-history":[{"count":4,"href":"https:\/\/gspholding.com.br\/site\/wp-json\/wp\/v2\/pages\/814\/revisions"}],"predecessor-version":[{"id":817,"href":"https:\/\/gspholding.com.br\/site\/wp-json\/wp\/v2\/pages\/814\/revisions\/817"}],"wp:attachment":[{"href":"https:\/\/gspholding.com.br\/site\/wp-json\/wp\/v2\/media?parent=814"}],"curies":[{"name":"wp","href":"https:\/\/api.w.org\/{rel}","templated":true}]}}