{"id":868,"date":"2017-03-27T15:12:40","date_gmt":"2017-03-27T18:12:40","guid":{"rendered":"https:\/\/gspholding.com.br\/site\/?page_id=868"},"modified":"2018-10-23T17:19:50","modified_gmt":"2018-10-23T20:19:50","slug":"pescados","status":"publish","type":"page","link":"https:\/\/gspholding.com.br\/site\/pescados\/","title":{"rendered":"Pescados"},"content":{"rendered":"<div class=\"builder-container\"><div class=\"builder-section builder-full-width-element builder-full-width-element-1\" id=\"builder-section-1\"><div class=\"builder-section-viewport has-custom-bg has-color-bg has-image-bg builder-bg-scale builder-bg-scroll has-bg-overlay bg-overlay-style-gradient\" style=\"background-color:#292c4d;background-image:url(https:\/\/gspholding.com.br\/site\/wp-content\/uploads\/2016\/09\/Fotos-Renova.png);\"><div class=\"builder-bg-overlay\" style=\"background:rgba(53,61,101,0.7);background:-webkit-linear-gradient(to bottom,rgba(53,61,101,0.7),rgba(0,0,0,0.7));background:linear-gradient(to bottom,rgba(53,61,101,0.7),rgba(0,0,0,0.7));\"><\/div><div class=\"builder-content-wrap\"><div class=\"builder-row\" id=\"builder-row-1\" data-column-size=\"1\"><div class=\"builder-spacer clearfix\" id=\"builder-spacer-1\" style=\"height:50px;\"><\/div><h1 class=\"builder-header builder-text-style-banner-title\" id=\"builder-header-1\" style=\"color:#ffffff;text-align:center;font-size:50px;\">Pescados<\/h1><h1 class=\"builder-header builder-text-style-hero-tagline\" id=\"builder-header-2\" style=\"color:#ffffff;text-align:center;\">Sistema de Recircula\u00e7\u00e3o (SRA)<\/h1><div class=\"builder-spacer clearfix\" id=\"builder-spacer-2\" style=\"height:50px;\"><\/div><\/div><\/div><\/div><\/div><div class=\"builder-section builder-full-width-element builder-full-width-element-2\" id=\"builder-section-2\"><div class=\"builder-section-viewport has-custom-bg has-color-bg\" style=\"background-color:#ffffff;\"><div class=\"builder-content-wrap\"><div class=\"builder-row\" id=\"builder-row-2\" data-column-size=\"1\"><div class=\"builder-text-block\" id=\"builder-text-block-1\"><div class=\"builder-tmce-content\"><h2 style=\"text-align: justify;\">A <strong>GSP AGROPECU\u00c1RIA<\/strong> parte para a produ\u00e7\u00e3o de pescados em sistema de recircula\u00e7\u00e3o (SRA) em uma de suas propriedades que situa no entorno de Goi\u00e2nia. Esse sistema se adequa \u00e0 proposta inicial porque seu manejo \u00e9 externo e concebido em tanques de superf\u00edcie, e n\u00e3o despeja seus dejetos na natureza, mas os recicla, colocando-os \u00e0 disposi\u00e7\u00e3o dos vegetais plantados em cons\u00f3rcio, transformando esse conjunto em <strong>Aquaponia.<\/strong><\/h2>\n<\/div><\/div><div class=\"builder-spacer clearfix\" id=\"builder-spacer-3\" style=\"height:80px;\"><\/div><\/div><div class=\"builder-column-row builder-columns-2_3-1_3 spacing-2\" id=\"builder-column-row-1\"><div><div class=\"builder-column builder-column-span-2_3 builder-column-first\" id=\"builder-column-1\" data-column-size=\"2_3\"><div class=\"builder-text-block\" id=\"builder-text-block-2\"><div class=\"builder-tmce-content\"><h3 style=\"text-align: center;\">Esse sistema proporciona a cria\u00e7\u00e3o de til\u00e1pias com alta densidade de peixes por m\u00b3, resultando em produ\u00e7\u00f5es de at\u00e9 (75kg\/m\u00b3). Soma-se a isso a produ\u00e7\u00e3o consorciada de hortali\u00e7as com colheita de at\u00e9 4.500 p\u00e9s de alface por cada 45 kg de til\u00e1pias produzidas.<\/h3>\n<\/div><\/div><\/div><\/div><div><div class=\"builder-column builder-column-span-1_3 builder-column-last\" id=\"builder-column-2\" data-column-size=\"1_3\"><figure class=\"builder-image halign-image-center\" id=\"builder-image-1\"><img decoding=\"async\" src=\"https:\/\/gspholding.com.br\/site\/wp-content\/uploads\/2017\/03\/nature-940032_960_720-300x226.jpg\" alt=\"nature-940032_960_720\" \/><\/figure><\/div><\/div><\/div><\/div><\/div><\/div><div class=\"builder-section builder-full-width-element builder-full-width-element-3\" id=\"builder-section-3\"><div class=\"builder-section-viewport\"><div class=\"builder-content-wrap\"><div class=\"builder-column-row builder-columns-3 spacing-2\" id=\"builder-column-row-2\"><div><div class=\"builder-column builder-column-span-1_3 builder-column-first\" id=\"builder-column-3\" data-column-size=\"1_3\"><div class=\"builder-icon-shortode icon-align-center\" id=\"builder-icon-1\"><div class=\"builder-icon entypo-info\" style=\"font-size:60px;width:105px;height:105px;line-height:90px;border-radius:105px;color:#1b253d;\"><\/div><\/div><\/div><\/div><div><div class=\"builder-column builder-column-span-1_3\" id=\"builder-column-4\" data-column-size=\"1_3\"><\/div><\/div><div><div class=\"builder-column builder-column-span-1_3 builder-column-last\" id=\"builder-column-5\" data-column-size=\"1_3\"><div class=\"builder-text-block\" id=\"builder-text-block-3\"><div class=\"builder-tmce-content\"><h3>O m\u00f3dulo inicial \u00e9 de 400 m\u00b3 com previs\u00e3o de produ\u00e7\u00e3o em torno de 20 toneladas de til\u00e1pias\/ciclo.<\/h3>\n<\/div><\/div><\/div><\/div><\/div><\/div><\/div><\/div><div class=\"builder-section builder-full-width-element builder-full-width-element-4\" id=\"builder-section-4\"><div class=\"builder-section-viewport has-custom-bg has-color-bg\" style=\"background-color:#ffffff;\"><div class=\"builder-content-wrap\"><div class=\"builder-row\" id=\"builder-row-3\" style=\"border:15px inset #292c4d;\" data-column-size=\"1\"><div class=\"builder-text-block\" id=\"builder-text-block-4\"><div class=\"builder-tmce-content\"><h3 style=\"text-align: center;\">Na sequ\u00eancia, a <strong>GSP AGROPECU\u00c1RIA<\/strong> j\u00e1 prev\u00ea a implanta\u00e7\u00e3o de um pequeno frigor\u00edfico para atender sua necessidade e das comunidades vizinhas que far\u00e3o parte de mais essa integra\u00e7\u00e3o desenvolvida pela empresa.<\/h3>\n<\/div><\/div><\/div><\/div><\/div><\/div><div class=\"builder-section builder-full-width-element builder-full-width-element-5\" id=\"builder-section-5\"><div class=\"builder-section-viewport has-custom-bg has-color-bg\" style=\"background-color:#ffffff;\"><div class=\"builder-content-wrap\"><div class=\"builder-row\" id=\"builder-row-4\" data-column-size=\"1\"><figure class=\"builder-image halign-image-center\" id=\"builder-image-2\"><img decoding=\"async\" src=\"https:\/\/gspholding.com.br\/site\/wp-content\/uploads\/2018\/10\/Ativo-6GSP-300x57.png\" alt=\"Ativo 6GSP\" \/><\/figure><\/div><\/div><\/div><\/div><\/div>\n","protected":false},"excerpt":{"rendered":"PescadosSistema de Recircula\u00e7\u00e3o (SRA)A GSP AGROPECU\u00c1RIA parte para a produ\u00e7\u00e3o de pescados em sistema de recircula\u00e7\u00e3o (SRA) em uma de suas propriedades que situa no entorno de Goi\u00e2nia. Esse sistema se adequa \u00e0 proposta inicial porque seu manejo \u00e9 externo e concebido em tanques de superf\u00edcie, e n\u00e3o despeja seus dejetos na natureza, mas os [...]","protected":false},"author":2,"featured_media":0,"parent":0,"menu_order":0,"comment_status":"closed","ping_status":"closed","template":"","meta":{"footnotes":""},"_links":{"self":[{"href":"https:\/\/gspholding.com.br\/site\/wp-json\/wp\/v2\/pages\/868"}],"collection":[{"href":"https:\/\/gspholding.com.br\/site\/wp-json\/wp\/v2\/pages"}],"about":[{"href":"https:\/\/gspholding.com.br\/site\/wp-json\/wp\/v2\/types\/page"}],"author":[{"embeddable":true,"href":"https:\/\/gspholding.com.br\/site\/wp-json\/wp\/v2\/users\/2"}],"replies":[{"embeddable":true,"href":"https:\/\/gspholding.com.br\/site\/wp-json\/wp\/v2\/comments?post=868"}],"version-history":[{"count":14,"href":"https:\/\/gspholding.com.br\/site\/wp-json\/wp\/v2\/pages\/868\/revisions"}],"predecessor-version":[{"id":1395,"href":"https:\/\/gspholding.com.br\/site\/wp-json\/wp\/v2\/pages\/868\/revisions\/1395"}],"wp:attachment":[{"href":"https:\/\/gspholding.com.br\/site\/wp-json\/wp\/v2\/media?parent=868"}],"curies":[{"name":"wp","href":"https:\/\/api.w.org\/{rel}","templated":true}]}}